{"id":4872,"date":"2022-01-20T14:41:09","date_gmt":"2022-01-20T06:41:09","guid":{"rendered":"https:\/\/www.streamplify.com\/about-us\/"},"modified":"2022-02-23T11:15:56","modified_gmt":"2022-02-23T03:15:56","slug":"about-us","status":"publish","type":"page","link":"https:\/\/www.streamplify.com\/sv\/about-us\/","title":{"rendered":"Om Oss"},"content":{"rendered":"<section class=\"l-section wpb_row height_medium with_img\"><div class=\"l-section-img\" role=\"img\" data-img-width=\"1920\" data-img-height=\"1080\" style=\"background-image: url(https:\/\/www.streamplify.com\/wp-content\/uploads\/2021\/09\/streamplify-PPT-BG-2.jpg);background-repeat: no-repeat;\"><\/div><div class=\"l-section-overlay\" style=\"background:rgba(0,0,0,0.50)\"><\/div><div class=\"l-section-h i-cf\"><div class=\"g-cols vc_row via_grid cols_1 laptops-cols_inherit tablets-cols_inherit mobiles-cols_1 valign_top type_default stacking_default\"><div class=\"wpb_column vc_column_container\"><div class=\"vc_column-inner\"><div class=\"g-cols wpb_row via_grid cols_custom laptops-cols_inherit tablets-cols_inherit mobiles-cols_1 valign_top type_default stacking_default\" style=\"--gap:3rem;--custom-columns:1fr 4fr 1fr \"><div class=\"wpb_column vc_column_container\"><div class=\"vc_column-inner\"><\/div><\/div><div class=\"wpb_column vc_column_container\"><div class=\"vc_column-inner\"><div class=\"wpb_text_column\"><div class=\"wpb_wrapper\"><h1 style=\"text-align: center;\"><span style=\"color: #ededed;\">V\u00e5r mission<\/span><\/h1>\n<p style=\"text-align: center;\"><span style=\"color: #f5f5f5; font-size: 18pt;\">Dela gl\u00e4djen av att streama<\/span><\/p>\n<\/div><\/div><\/div><\/div><div class=\"wpb_column vc_column_container\"><div class=\"vc_column-inner\"><\/div><\/div><\/div><div class=\"w-separator size_medium\"><\/div><div class=\"g-cols wpb_row via_grid cols_custom laptops-cols_inherit tablets-cols_inherit mobiles-cols_1 valign_top type_default stacking_default\" style=\"--gap:3rem;--custom-columns:1fr 4fr 1fr \"><div class=\"wpb_column vc_column_container\"><div class=\"vc_column-inner\"><\/div><\/div><div class=\"wpb_column vc_column_container\"><div class=\"vc_column-inner\"><div class=\"wpb_text_column\"><div class=\"wpb_wrapper\"><p style=\"text-align: center;\"><span style=\"color: #f5f5f5;\">Vi vill inspirera unga individer som har en tight budget att dela deras passioner och intressen med v\u00e4rlden. <\/span><\/p>\n<p style=\"text-align: center;\"><span style=\"color: #f5f5f5;\">Att b\u00f6rja streama kan ibland vara en skr\u00e4mmande och ofta komplicerad process. D\u00e4rf\u00f6r \u00e4r det viktigt f\u00f6r oss att g\u00f6ra det s\u00e5 enkelt som m\u00f6jligt f\u00f6r dig att dela ditt content p\u00e5 ett s\u00e4tt som \u00e4r enkelt och tillg\u00e4ngligt. Genom att erbjuda h\u00f6gkvalitativ och prisv\u00e4rd kamera, mikrofon, ring lights, green screen, och mycket mer ger Streamplify framtida streamers och content skapare en genv\u00e4g in i streaming utan att beh\u00f6va betala allt f\u00f6r mycket. <\/span><\/p>\n<p>&nbsp;<\/p>\n<\/div><\/div><\/div><\/div><div class=\"wpb_column vc_column_container\"><div class=\"vc_column-inner\"><\/div><\/div><\/div><div class=\"w-separator size_medium\"><\/div><div class=\"g-cols wpb_row via_grid cols_custom laptops-cols_inherit tablets-cols_inherit mobiles-cols_1 valign_top type_default stacking_default\" style=\"--gap:3rem;--custom-columns:1fr 4fr 1fr \"><div class=\"wpb_column vc_column_container\"><div class=\"vc_column-inner\"><\/div><\/div><div class=\"wpb_column vc_column_container\"><div class=\"vc_column-inner\"><div class=\"wpb_text_column\"><div class=\"wpb_wrapper\"><h1 style=\"text-align: center;\"><span style=\"color: #ededed;\">Om Oss<\/span><\/h1>\n<p style=\"text-align: center;\"><span style=\"color: #f5f5f5;\">Skapad med en passion f\u00f6r gaming har Pro Gamers Groups framg\u00e5ng drivits av den kombinerade entusiasmen och visionen hos dess varum\u00e4rken och partners. V\u00e5r grupp best\u00e5r av flera v\u00e4xande f\u00f6retag och influencers, n\u00e5gra med \u00f6ver 20 \u00e5rs erfarenhet i branschen, som alla str\u00e4var efter att skapa o\u00f6vertr\u00e4ffad service och support.<\/span><\/p>\n<p style=\"text-align: center;\"><span style=\"color: rgba(245, 245, 245, 0.96);\">V\u00e5r vision \u00e4r att vara den obestridda globala ledaren av uppslukande gamingupplevelser p\u00e5 alla niv\u00e5er.<\/span><\/p>\n<\/div><\/div><div class=\"w-separator size_small\"><\/div><div class=\"w-btn-wrapper align_center\"><a class=\"w-btn us-btn-style_8\" target=\"_blank\" rel=\"nofollow\" href=\"https:\/\/progamersgroup.com\/about.html\"><span class=\"w-btn-label\">L\u00c4S MER<\/span><\/a><\/div><\/div><\/div><div class=\"wpb_column vc_column_container\"><div class=\"vc_column-inner\"><\/div><\/div><\/div><div class=\"w-separator size_medium\"><\/div><\/div><\/div><\/div><\/div><\/section><!-- Row Backgrounds -->\n","protected":false},"excerpt":{"rendered":"V\u00e5r mission Dela gl\u00e4djen av att streama Vi vill inspirera unga individer som har en tight budget att dela deras passioner och intressen med v\u00e4rlden. Att b\u00f6rja streama kan ibland vara en skr\u00e4mmande och ofta komplicerad process. D\u00e4rf\u00f6r \u00e4r det viktigt f\u00f6r oss att g\u00f6ra det s\u00e5 enkelt som m\u00f6jligt f\u00f6r dig att dela ditt...","protected":false},"author":16,"featured_media":0,"parent":0,"menu_order":0,"comment_status":"closed","ping_status":"closed","template":"","meta":{"footnotes":""},"class_list":["post-4872","page","type-page","status-publish","hentry"],"yoast_head":"<!-- This site is optimized with the Yoast SEO plugin v23.4 - https:\/\/yoast.com\/wordpress\/plugins\/seo\/ -->\n<title>Om Oss - Simplify | Amplify<\/title>\n<meta name=\"description\" content=\"Vi vill inspirera unga individer som har en tight budget att dela deras passioner och intressen med v\u00e4rlden.\" \/>\n<meta name=\"robots\" content=\"index, follow, max-snippet:-1, max-image-preview:large, max-video-preview:-1\" \/>\n<link rel=\"canonical\" href=\"https:\/\/www.streamplify.com\/sv\/about-us\/\" \/>\n<meta property=\"og:locale\" content=\"sv_SE\" \/>\n<meta property=\"og:type\" content=\"article\" \/>\n<meta property=\"og:title\" content=\"Om Oss - Simplify | Amplify\" \/>\n<meta property=\"og:description\" content=\"Vi vill inspirera unga individer som har en tight budget att dela deras passioner och intressen med v\u00e4rlden.\" \/>\n<meta property=\"og:url\" content=\"https:\/\/www.streamplify.com\/sv\/about-us\/\" \/>\n<meta property=\"og:site_name\" content=\"Simplify | Amplify\" \/>\n<meta property=\"article:modified_time\" content=\"2022-02-23T03:15:56+00:00\" \/>\n<meta name=\"twitter:card\" content=\"summary_large_image\" \/>\n<meta name=\"twitter:label1\" content=\"Ber\u00e4knad l\u00e4stid\" \/>\n\t<meta name=\"twitter:data1\" content=\"1 minut\" \/>\n<script type=\"application\/ld+json\" class=\"yoast-schema-graph\">{\"@context\":\"https:\/\/schema.org\",\"@graph\":[{\"@type\":\"WebPage\",\"@id\":\"https:\/\/www.streamplify.com\/sv\/about-us\/\",\"url\":\"https:\/\/www.streamplify.com\/sv\/about-us\/\",\"name\":\"Om Oss - Simplify | Amplify\",\"isPartOf\":{\"@id\":\"https:\/\/www.streamplify.com\/#website\"},\"datePublished\":\"2022-01-20T06:41:09+00:00\",\"dateModified\":\"2022-02-23T03:15:56+00:00\",\"description\":\"Vi vill inspirera unga individer som har en tight budget att dela deras passioner och intressen med v\u00e4rlden.\",\"breadcrumb\":{\"@id\":\"https:\/\/www.streamplify.com\/sv\/about-us\/#breadcrumb\"},\"inLanguage\":\"sv-SE\",\"potentialAction\":[{\"@type\":\"ReadAction\",\"target\":[\"https:\/\/www.streamplify.com\/sv\/about-us\/\"]}]},{\"@type\":\"BreadcrumbList\",\"@id\":\"https:\/\/www.streamplify.com\/sv\/about-us\/#breadcrumb\",\"itemListElement\":[{\"@type\":\"ListItem\",\"position\":1,\"name\":\"Home\",\"item\":\"https:\/\/www.streamplify.com\/sv\/\"},{\"@type\":\"ListItem\",\"position\":2,\"name\":\"Om Oss\"}]},{\"@type\":\"WebSite\",\"@id\":\"https:\/\/www.streamplify.com\/#website\",\"url\":\"https:\/\/www.streamplify.com\/\",\"name\":\"Simplify | Amplify\",\"description\":\"Streamplify\",\"potentialAction\":[{\"@type\":\"SearchAction\",\"target\":{\"@type\":\"EntryPoint\",\"urlTemplate\":\"https:\/\/www.streamplify.com\/?s={search_term_string}\"},\"query-input\":{\"@type\":\"PropertyValueSpecification\",\"valueRequired\":true,\"valueName\":\"search_term_string\"}}],\"inLanguage\":\"sv-SE\"}]}<\/script>\n<!-- \/ Yoast SEO plugin. -->","yoast_head_json":{"title":"Om Oss - Simplify | Amplify","description":"Vi vill inspirera unga individer som har en tight budget att dela deras passioner och intressen med v\u00e4rlden.","robots":{"index":"index","follow":"follow","max-snippet":"max-snippet:-1","max-image-preview":"max-image-preview:large","max-video-preview":"max-video-preview:-1"},"canonical":"https:\/\/www.streamplify.com\/sv\/about-us\/","og_locale":"sv_SE","og_type":"article","og_title":"Om Oss - Simplify | Amplify","og_description":"Vi vill inspirera unga individer som har en tight budget att dela deras passioner och intressen med v\u00e4rlden.","og_url":"https:\/\/www.streamplify.com\/sv\/about-us\/","og_site_name":"Simplify | Amplify","article_modified_time":"2022-02-23T03:15:56+00:00","twitter_card":"summary_large_image","twitter_misc":{"Ber\u00e4knad l\u00e4stid":"1 minut"},"schema":{"@context":"https:\/\/schema.org","@graph":[{"@type":"WebPage","@id":"https:\/\/www.streamplify.com\/sv\/about-us\/","url":"https:\/\/www.streamplify.com\/sv\/about-us\/","name":"Om Oss - Simplify | Amplify","isPartOf":{"@id":"https:\/\/www.streamplify.com\/#website"},"datePublished":"2022-01-20T06:41:09+00:00","dateModified":"2022-02-23T03:15:56+00:00","description":"Vi vill inspirera unga individer som har en tight budget att dela deras passioner och intressen med v\u00e4rlden.","breadcrumb":{"@id":"https:\/\/www.streamplify.com\/sv\/about-us\/#breadcrumb"},"inLanguage":"sv-SE","potentialAction":[{"@type":"ReadAction","target":["https:\/\/www.streamplify.com\/sv\/about-us\/"]}]},{"@type":"BreadcrumbList","@id":"https:\/\/www.streamplify.com\/sv\/about-us\/#breadcrumb","itemListElement":[{"@type":"ListItem","position":1,"name":"Home","item":"https:\/\/www.streamplify.com\/sv\/"},{"@type":"ListItem","position":2,"name":"Om Oss"}]},{"@type":"WebSite","@id":"https:\/\/www.streamplify.com\/#website","url":"https:\/\/www.streamplify.com\/","name":"Simplify | Amplify","description":"Streamplify","potentialAction":[{"@type":"SearchAction","target":{"@type":"EntryPoint","urlTemplate":"https:\/\/www.streamplify.com\/?s={search_term_string}"},"query-input":{"@type":"PropertyValueSpecification","valueRequired":true,"valueName":"search_term_string"}}],"inLanguage":"sv-SE"}]}},"_links":{"self":[{"href":"https:\/\/www.streamplify.com\/sv\/wp-json\/wp\/v2\/pages\/4872"}],"collection":[{"href":"https:\/\/www.streamplify.com\/sv\/wp-json\/wp\/v2\/pages"}],"about":[{"href":"https:\/\/www.streamplify.com\/sv\/wp-json\/wp\/v2\/types\/page"}],"author":[{"embeddable":true,"href":"https:\/\/www.streamplify.com\/sv\/wp-json\/wp\/v2\/users\/16"}],"replies":[{"embeddable":true,"href":"https:\/\/www.streamplify.com\/sv\/wp-json\/wp\/v2\/comments?post=4872"}],"version-history":[{"count":0,"href":"https:\/\/www.streamplify.com\/sv\/wp-json\/wp\/v2\/pages\/4872\/revisions"}],"wp:attachment":[{"href":"https:\/\/www.streamplify.com\/sv\/wp-json\/wp\/v2\/media?parent=4872"}],"curies":[{"name":"wp","href":"https:\/\/api.w.org\/{rel}","templated":true}]}}