{"id":4343,"date":"2022-01-07T11:30:26","date_gmt":"2022-01-07T03:30:26","guid":{"rendered":"https:\/\/www.streamplify.com\/privacy-policy\/"},"modified":"2022-11-02T15:19:17","modified_gmt":"2022-11-02T07:19:17","slug":"privacy-policy","status":"publish","type":"page","link":"https:\/\/www.streamplify.com\/pt-pt\/privacy-policy\/","title":{"rendered":"Pol\u00edtica de Privacidade"},"content":{"rendered":"<section class=\"l-section wpb_row height_medium\"><div class=\"l-section-h i-cf\"><div class=\"g-cols vc_row via_grid cols_1 laptops-cols_inherit tablets-cols_inherit mobiles-cols_1 valign_top type_default stacking_default\"><div class=\"wpb_column vc_column_container\"><div class=\"vc_column-inner\"><div class=\"wpb_text_column\"><div class=\"wpb_wrapper\"><h2>DEPARTAMENTO DE PROTE\u00c7\u00c3O DE DADOS<\/h2>\n<p>Se tiver alguma quest\u00e3o sobre a pol\u00edtica de privacidade, ou a prote\u00e7\u00e3o de dados, por favor contacte o nosso departamento de prote\u00e7\u00e3o de dados por email en <span style=\"color: #2c0332;\"><a style=\"color: #2c0332;\" href=\"mailto:rmas@caseking.pt\" target=\"_blank\" rel=\"noopener\">rmas@caseking.pt<\/a><\/span> e em Caseking Iberia &#8211; Parque Industrial Meramar II, 2635-047, Rio de Mouro, Portugal.<\/p>\n<p>&nbsp;<\/p>\n<h2>POL\u00cdTICA DE PRIVACIDADE E PROTE\u00c7\u00c3O DE DADOS<\/h2>\n<p>Utilizamos qualquer informa\u00e7\u00e3o que tenhamos adquirido para processar o seu pedido e tornar a sua experi\u00eancia mais conveniente. Os seus dados pessoais n\u00e3o ser\u00e3o fornecidos a terceiros sem que expresse o seu consentimento.<\/p>\n<p>&nbsp;<\/p>\n<h2>DECLARA\u00c7\u00c3O DE PRIVACIDADE<\/h2>\n<p>Pode visitar o nosso website sem fornecer nenhuma informa\u00e7\u00e3o pessoal. Os dados pessoais s\u00f3 s\u00e3o recolhidos se o utilizador os fornecer voluntariamente durante a visita ao website. Este website utiliza o Google Analytics, um servi\u00e7o de an\u00e1lise web, proporcionado pela Google Inc. (\u00abGoogle\u00bb). O Google Analytics utiliza \u201ccookies\u201d, que s\u00e3o arquivos de texto colocados no seu computador, para ajudar o website a analisar o comportamento dos utilizadores. A informa\u00e7\u00e3o gerada pelo cookie sobre o seu uso do website, incluindo o endere\u00e7o IP, ser\u00e1 transmitida \u00e0 Google nos servidores dos Estados Unidos. A Google utilizar\u00e1 esta informa\u00e7\u00e3o com o prop\u00f3sito de avaliar a sua utiliza\u00e7\u00e3o do website, compilando relat\u00f3rios de atividade para os operadores do website e proporcionando outros servi\u00e7os relacionados com a atividade do website e uso de internet. A Google tamb\u00e9m poder\u00e1 transmitir esta informa\u00e7\u00e3o a terceiros quando assim se exija por lei ou quando os ditos terceiros processem a informa\u00e7\u00e3o em nome da Google. A Google n\u00e3o associar\u00e1 o seu endere\u00e7o IP com nenhum outro dado recolhido pela Google. Pode rejeitar o uso de cookies selecionando as defini\u00e7\u00f5es adequadas no seu navegador, mas tenha em conta que \u00e9 poss\u00edvel que n\u00e3o possa utilizar todas as funcionalidades dispon\u00edveis.<\/p>\n<p>Ao utilizar este site, o utilizador consente o tratamento dos seus dados por parte da Google para os fins indicados acima. Pode opor-se \u00e0 futura recolha e armazenamento dos seus dados em qualquer momento. Tendo em conta o debate sobre o uso e ferramentas de an\u00e1lise com endere\u00e7os IP completos, gostar\u00edamos de salientar que os endere\u00e7os apenas se processam de forma abreviada neste website para excluir as refer\u00eancias pessoais diretas, j\u00e1 que utilizamos o Google Analytics com a extens\u00e3o &#8220;_anonymizeIp()&#8221;.<\/p>\n<h2>RECOLHA DE INFORMA\u00c7\u00c3O E UTILIZADOR<\/h2>\n<p>Quando realizar um pedido, deve indicar o seu nome completo, email, morada de fatura\u00e7\u00e3o ou envio e n\u00famero de telefone. Isto permite-nos processar e executar o seu pedido e mant\u00ea-lo informado do estado do mesmo. Isto n\u00e3o inclui qualquer informa\u00e7\u00e3o sobre a p\u00e1gina do nosso website a que acedeu a partir de um endere\u00e7o IP espec\u00edfico ou do navegador que utilizou no nosso website.<\/p>\n<p>Os dados recolhidos durante a sua compra s\u00f3 servem para melhorar o nosso servi\u00e7o e adapt\u00e1-lo aos desejos dos nossos clientes. N\u00e3o s\u00e3o transmitidos a terceiros.<\/p>\n<p>Uma vez que se tenha registado ou iniciado sess\u00e3o como cliente, a sess\u00e3o \u00e9 guardada na forma de cookie. As cookies s\u00e3o arquivos com uma pequena quantidade de dados que se enviam ao navegador desde o nosso website e se armazenam no seu dispositivo. Pode indicar ao seu navegador que rejeite todos os cookies ou que indique quando se envia um cookie. Contudo, se n\u00e3o aceitar os cookies, n\u00e3o poder\u00e1 utilizar os nossos servi\u00e7os de compras.<\/p>\n<p>&nbsp;<\/p>\n<\/div><\/div><\/div><\/div><\/div><\/div><\/section>\n","protected":false},"excerpt":{"rendered":"DEPARTAMENTO DE PROTE\u00c7\u00c3O DE DADOS Se tiver alguma quest\u00e3o sobre a pol\u00edtica de privacidade, ou a prote\u00e7\u00e3o de dados, por favor contacte o nosso departamento de prote\u00e7\u00e3o de dados por email en rmas@caseking.pt e em Caseking Iberia &#8211; Parque Industrial Meramar II, 2635-047, Rio de Mouro, Portugal. &nbsp; POL\u00cdTICA DE PRIVACIDADE E PROTE\u00c7\u00c3O DE DADOS...","protected":false},"author":1,"featured_media":0,"parent":0,"menu_order":0,"comment_status":"closed","ping_status":"open","template":"","meta":{"footnotes":""},"class_list":["post-4343","page","type-page","status-publish","hentry"],"yoast_head":"<!-- This site is optimized with the Yoast SEO plugin v23.4 - https:\/\/yoast.com\/wordpress\/plugins\/seo\/ -->\n<title>Pol\u00edtica de Privacidade - Simplify | Amplify<\/title>\n<meta name=\"robots\" content=\"index, follow, max-snippet:-1, max-image-preview:large, max-video-preview:-1\" \/>\n<link rel=\"canonical\" href=\"https:\/\/www.streamplify.com\/pt-pt\/privacy-policy\/\" \/>\n<meta property=\"og:locale\" content=\"pt_PT\" \/>\n<meta property=\"og:type\" content=\"article\" \/>\n<meta property=\"og:title\" content=\"Pol\u00edtica de Privacidade - Simplify | Amplify\" \/>\n<meta property=\"og:url\" content=\"https:\/\/www.streamplify.com\/pt-pt\/privacy-policy\/\" \/>\n<meta property=\"og:site_name\" content=\"Simplify | Amplify\" \/>\n<meta property=\"article:modified_time\" content=\"2022-11-02T07:19:17+00:00\" \/>\n<meta name=\"twitter:card\" content=\"summary_large_image\" \/>\n<meta name=\"twitter:label1\" content=\"Tempo estimado de leitura\" \/>\n\t<meta name=\"twitter:data1\" content=\"3 minutos\" \/>\n<script type=\"application\/ld+json\" class=\"yoast-schema-graph\">{\"@context\":\"https:\/\/schema.org\",\"@graph\":[{\"@type\":\"WebPage\",\"@id\":\"https:\/\/www.streamplify.com\/pt-pt\/privacy-policy\/\",\"url\":\"https:\/\/www.streamplify.com\/pt-pt\/privacy-policy\/\",\"name\":\"Pol\u00edtica de Privacidade - Simplify | Amplify\",\"isPartOf\":{\"@id\":\"https:\/\/www.streamplify.com\/#website\"},\"datePublished\":\"2022-01-07T03:30:26+00:00\",\"dateModified\":\"2022-11-02T07:19:17+00:00\",\"breadcrumb\":{\"@id\":\"https:\/\/www.streamplify.com\/pt-pt\/privacy-policy\/#breadcrumb\"},\"inLanguage\":\"pt-PT\",\"potentialAction\":[{\"@type\":\"ReadAction\",\"target\":[\"https:\/\/www.streamplify.com\/pt-pt\/privacy-policy\/\"]}]},{\"@type\":\"BreadcrumbList\",\"@id\":\"https:\/\/www.streamplify.com\/pt-pt\/privacy-policy\/#breadcrumb\",\"itemListElement\":[{\"@type\":\"ListItem\",\"position\":1,\"name\":\"Home\",\"item\":\"https:\/\/www.streamplify.com\/pt-pt\/\"},{\"@type\":\"ListItem\",\"position\":2,\"name\":\"Pol\u00edtica de Privacidade\"}]},{\"@type\":\"WebSite\",\"@id\":\"https:\/\/www.streamplify.com\/#website\",\"url\":\"https:\/\/www.streamplify.com\/\",\"name\":\"Simplify | Amplify\",\"description\":\"Streamplify\",\"potentialAction\":[{\"@type\":\"SearchAction\",\"target\":{\"@type\":\"EntryPoint\",\"urlTemplate\":\"https:\/\/www.streamplify.com\/?s={search_term_string}\"},\"query-input\":{\"@type\":\"PropertyValueSpecification\",\"valueRequired\":true,\"valueName\":\"search_term_string\"}}],\"inLanguage\":\"pt-PT\"}]}<\/script>\n<!-- \/ Yoast SEO plugin. -->","yoast_head_json":{"title":"Pol\u00edtica de Privacidade - Simplify | Amplify","robots":{"index":"index","follow":"follow","max-snippet":"max-snippet:-1","max-image-preview":"max-image-preview:large","max-video-preview":"max-video-preview:-1"},"canonical":"https:\/\/www.streamplify.com\/pt-pt\/privacy-policy\/","og_locale":"pt_PT","og_type":"article","og_title":"Pol\u00edtica de Privacidade - Simplify | Amplify","og_url":"https:\/\/www.streamplify.com\/pt-pt\/privacy-policy\/","og_site_name":"Simplify | Amplify","article_modified_time":"2022-11-02T07:19:17+00:00","twitter_card":"summary_large_image","twitter_misc":{"Tempo estimado de leitura":"3 minutos"},"schema":{"@context":"https:\/\/schema.org","@graph":[{"@type":"WebPage","@id":"https:\/\/www.streamplify.com\/pt-pt\/privacy-policy\/","url":"https:\/\/www.streamplify.com\/pt-pt\/privacy-policy\/","name":"Pol\u00edtica de Privacidade - Simplify | Amplify","isPartOf":{"@id":"https:\/\/www.streamplify.com\/#website"},"datePublished":"2022-01-07T03:30:26+00:00","dateModified":"2022-11-02T07:19:17+00:00","breadcrumb":{"@id":"https:\/\/www.streamplify.com\/pt-pt\/privacy-policy\/#breadcrumb"},"inLanguage":"pt-PT","potentialAction":[{"@type":"ReadAction","target":["https:\/\/www.streamplify.com\/pt-pt\/privacy-policy\/"]}]},{"@type":"BreadcrumbList","@id":"https:\/\/www.streamplify.com\/pt-pt\/privacy-policy\/#breadcrumb","itemListElement":[{"@type":"ListItem","position":1,"name":"Home","item":"https:\/\/www.streamplify.com\/pt-pt\/"},{"@type":"ListItem","position":2,"name":"Pol\u00edtica de Privacidade"}]},{"@type":"WebSite","@id":"https:\/\/www.streamplify.com\/#website","url":"https:\/\/www.streamplify.com\/","name":"Simplify | Amplify","description":"Streamplify","potentialAction":[{"@type":"SearchAction","target":{"@type":"EntryPoint","urlTemplate":"https:\/\/www.streamplify.com\/?s={search_term_string}"},"query-input":{"@type":"PropertyValueSpecification","valueRequired":true,"valueName":"search_term_string"}}],"inLanguage":"pt-PT"}]}},"_links":{"self":[{"href":"https:\/\/www.streamplify.com\/pt-pt\/wp-json\/wp\/v2\/pages\/4343"}],"collection":[{"href":"https:\/\/www.streamplify.com\/pt-pt\/wp-json\/wp\/v2\/pages"}],"about":[{"href":"https:\/\/www.streamplify.com\/pt-pt\/wp-json\/wp\/v2\/types\/page"}],"author":[{"embeddable":true,"href":"https:\/\/www.streamplify.com\/pt-pt\/wp-json\/wp\/v2\/users\/1"}],"replies":[{"embeddable":true,"href":"https:\/\/www.streamplify.com\/pt-pt\/wp-json\/wp\/v2\/comments?post=4343"}],"version-history":[{"count":0,"href":"https:\/\/www.streamplify.com\/pt-pt\/wp-json\/wp\/v2\/pages\/4343\/revisions"}],"wp:attachment":[{"href":"https:\/\/www.streamplify.com\/pt-pt\/wp-json\/wp\/v2\/media?parent=4343"}],"curies":[{"name":"wp","href":"https:\/\/api.w.org\/{rel}","templated":true}]}}