{"id":4298,"date":"2022-01-07T10:18:46","date_gmt":"2022-01-07T02:18:46","guid":{"rendered":"https:\/\/www.streamplify.com\/about-us\/"},"modified":"2022-02-23T11:15:46","modified_gmt":"2022-02-23T03:15:46","slug":"about-us","status":"publish","type":"page","link":"https:\/\/www.streamplify.com\/la\/about-us\/","title":{"rendered":"About Us"},"content":{"rendered":"<section class=\"l-section wpb_row height_medium with_img\"><div class=\"l-section-img\" role=\"img\" data-img-width=\"1920\" data-img-height=\"1080\" style=\"background-image: url(https:\/\/www.streamplify.com\/wp-content\/uploads\/2021\/09\/streamplify-PPT-BG-2.jpg);background-repeat: no-repeat;\"><\/div><div class=\"l-section-overlay\" style=\"background:rgba(0,0,0,0.50)\"><\/div><div class=\"l-section-h i-cf\"><div class=\"g-cols vc_row via_grid cols_1 laptops-cols_inherit tablets-cols_inherit mobiles-cols_1 valign_top type_default stacking_default\"><div class=\"wpb_column vc_column_container\"><div class=\"vc_column-inner\"><div class=\"g-cols wpb_row via_grid cols_custom laptops-cols_inherit tablets-cols_inherit mobiles-cols_1 valign_top type_default stacking_default\" style=\"--gap:3rem;--custom-columns:1fr 4fr 1fr \"><div class=\"wpb_column vc_column_container\"><div class=\"vc_column-inner\"><\/div><\/div><div class=\"wpb_column vc_column_container\"><div class=\"vc_column-inner\"><div class=\"wpb_text_column\"><div class=\"wpb_wrapper\"><h1 style=\"text-align: center;\"><span style=\"color: #ededed;\">Nuestra Misi\u00f3n<\/span><\/h1>\n<p style=\"text-align: center;\"><span style=\"color: #f5f5f5; font-size: 18pt;\">Compartir la alegr\u00eda del streaming<\/span><\/p>\n<\/div><\/div><\/div><\/div><div class=\"wpb_column vc_column_container\"><div class=\"vc_column-inner\"><\/div><\/div><\/div><div class=\"w-separator size_medium\"><\/div><div class=\"g-cols wpb_row via_grid cols_custom laptops-cols_inherit tablets-cols_inherit mobiles-cols_1 valign_top type_default stacking_default\" style=\"--gap:3rem;--custom-columns:1fr 4fr 1fr \"><div class=\"wpb_column vc_column_container\"><div class=\"vc_column-inner\"><\/div><\/div><div class=\"wpb_column vc_column_container\"><div class=\"vc_column-inner\"><div class=\"wpb_text_column\"><div class=\"wpb_wrapper\"><p style=\"text-align: center;\"><span style=\"color: #f5f5f5;\">Nos proponemos inspirar a los j\u00f3venes con un presupuesto ajustado para que compartan sus pasiones e intereses con el mundo.<\/span><\/p>\n<p style=\"text-align: center;\"><span style=\"color: #f5f5f5;\">Iniciarse en la transmisi\u00f3n en directo puede ser un proceso desalentador y, a veces, complicado. Por eso es importante para nosotros hacer que sea lo m\u00e1s f\u00e1cil posible compartir tu contenido de una manera sencilla y accesible. Al proporcionar c\u00e1maras web, micr\u00f3fonos, anillos de luz, pantallas verdes y mucho m\u00e1s, Streamplify ofrece a los aspirantes a streamers y creadores de contenido una forma de empezar a trabajar sin arruinarse. <\/span><\/p>\n<\/div><\/div><\/div><\/div><div class=\"wpb_column vc_column_container\"><div class=\"vc_column-inner\"><\/div><\/div><\/div><div class=\"w-separator size_medium\"><\/div><div class=\"g-cols wpb_row via_grid cols_custom laptops-cols_inherit tablets-cols_inherit mobiles-cols_1 valign_top type_default stacking_default\" style=\"--gap:3rem;--custom-columns:1fr 4fr 1fr \"><div class=\"wpb_column vc_column_container\"><div class=\"vc_column-inner\"><\/div><\/div><div class=\"wpb_column vc_column_container\"><div class=\"vc_column-inner\"><div class=\"wpb_text_column\"><div class=\"wpb_wrapper\"><h1 style=\"text-align: center;\"><span style=\"color: #ededed;\">Sobre Nosotros <\/span><\/h1>\n<p style=\"text-align: center;\"><span style=\"color: #f5f5f5;\">Nacido de la pasi\u00f3n por el juego, el \u00e9xito de Pro Gamers Group se ha visto impulsado por el entusiasmo y la visi\u00f3n combinados de sus marcas y socios. Nuestro grupo est\u00e1 formado por un n\u00famero cada vez mayor de empresas y personas influyentes, algunas con m\u00e1s de 20 a\u00f1os de experiencia en el sector, que se esfuerzan por crear un servicio y un apoyo inigualables.<\/span><\/p>\n<p style=\"text-align: center;\"><span style=\"color: rgba(245, 245, 245, 0.96);\">Nuestra visi\u00f3n es ser el l\u00edder mundial indiscutible de las experiencias de juego inmersivas a todos los niveles.<\/span><\/p>\n<\/div><\/div><div class=\"w-separator size_small\"><\/div><div class=\"w-btn-wrapper align_center\"><a class=\"w-btn us-btn-style_8\" target=\"_blank\" rel=\"nofollow\" href=\"https:\/\/progamersgroup.com\/about.html\"><span class=\"w-btn-label\">Saber M\u00e1s<\/span><\/a><\/div><\/div><\/div><div class=\"wpb_column vc_column_container\"><div class=\"vc_column-inner\"><\/div><\/div><\/div><div class=\"w-separator size_medium\"><\/div><\/div><\/div><\/div><\/div><\/section><!-- Row Backgrounds -->\n","protected":false},"excerpt":{"rendered":"Nuestra Misi\u00f3n Compartir la alegr\u00eda del streaming Nos proponemos inspirar a los j\u00f3venes con un presupuesto ajustado para que compartan sus pasiones e intereses con el mundo. Iniciarse en la transmisi\u00f3n en directo puede ser un proceso desalentador y, a veces, complicado. Por eso es importante para nosotros hacer que sea lo m\u00e1s f\u00e1cil posible...","protected":false},"author":16,"featured_media":0,"parent":0,"menu_order":0,"comment_status":"closed","ping_status":"closed","template":"","meta":{"footnotes":""},"class_list":["post-4298","page","type-page","status-publish","hentry"],"yoast_head":"<!-- This site is optimized with the Yoast SEO plugin v23.4 - https:\/\/yoast.com\/wordpress\/plugins\/seo\/ -->\n<title>About Us - Simplify | Amplify<\/title>\n<meta name=\"robots\" content=\"index, follow, max-snippet:-1, max-image-preview:large, max-video-preview:-1\" \/>\n<link rel=\"canonical\" href=\"https:\/\/www.streamplify.com\/la\/about-us\/\" \/>\n<meta property=\"og:locale\" content=\"en_US\" \/>\n<meta property=\"og:type\" content=\"article\" \/>\n<meta property=\"og:title\" content=\"About Us - Simplify | Amplify\" \/>\n<meta property=\"og:url\" content=\"https:\/\/www.streamplify.com\/la\/about-us\/\" \/>\n<meta property=\"og:site_name\" content=\"Simplify | Amplify\" \/>\n<meta property=\"article:modified_time\" content=\"2022-02-23T03:15:46+00:00\" \/>\n<meta name=\"twitter:card\" content=\"summary_large_image\" \/>\n<meta name=\"twitter:label1\" content=\"Est. reading time\" \/>\n\t<meta name=\"twitter:data1\" content=\"1 minute\" \/>\n<script type=\"application\/ld+json\" class=\"yoast-schema-graph\">{\"@context\":\"https:\/\/schema.org\",\"@graph\":[{\"@type\":\"WebPage\",\"@id\":\"https:\/\/www.streamplify.com\/la\/about-us\/\",\"url\":\"https:\/\/www.streamplify.com\/la\/about-us\/\",\"name\":\"About Us - Simplify | Amplify\",\"isPartOf\":{\"@id\":\"https:\/\/www.streamplify.com\/#website\"},\"datePublished\":\"2022-01-07T02:18:46+00:00\",\"dateModified\":\"2022-02-23T03:15:46+00:00\",\"breadcrumb\":{\"@id\":\"https:\/\/www.streamplify.com\/la\/about-us\/#breadcrumb\"},\"inLanguage\":\"la-LA\",\"potentialAction\":[{\"@type\":\"ReadAction\",\"target\":[\"https:\/\/www.streamplify.com\/la\/about-us\/\"]}]},{\"@type\":\"BreadcrumbList\",\"@id\":\"https:\/\/www.streamplify.com\/la\/about-us\/#breadcrumb\",\"itemListElement\":[{\"@type\":\"ListItem\",\"position\":1,\"name\":\"Home\",\"item\":\"https:\/\/www.streamplify.com\/la\/\"},{\"@type\":\"ListItem\",\"position\":2,\"name\":\"About Us\"}]},{\"@type\":\"WebSite\",\"@id\":\"https:\/\/www.streamplify.com\/#website\",\"url\":\"https:\/\/www.streamplify.com\/\",\"name\":\"Simplify | Amplify\",\"description\":\"Streamplify\",\"potentialAction\":[{\"@type\":\"SearchAction\",\"target\":{\"@type\":\"EntryPoint\",\"urlTemplate\":\"https:\/\/www.streamplify.com\/?s={search_term_string}\"},\"query-input\":{\"@type\":\"PropertyValueSpecification\",\"valueRequired\":true,\"valueName\":\"search_term_string\"}}],\"inLanguage\":\"la-LA\"}]}<\/script>\n<!-- \/ Yoast SEO plugin. -->","yoast_head_json":{"title":"About Us - Simplify | Amplify","robots":{"index":"index","follow":"follow","max-snippet":"max-snippet:-1","max-image-preview":"max-image-preview:large","max-video-preview":"max-video-preview:-1"},"canonical":"https:\/\/www.streamplify.com\/la\/about-us\/","og_locale":"en_US","og_type":"article","og_title":"About Us - Simplify | Amplify","og_url":"https:\/\/www.streamplify.com\/la\/about-us\/","og_site_name":"Simplify | Amplify","article_modified_time":"2022-02-23T03:15:46+00:00","twitter_card":"summary_large_image","twitter_misc":{"Est. reading time":"1 minute"},"schema":{"@context":"https:\/\/schema.org","@graph":[{"@type":"WebPage","@id":"https:\/\/www.streamplify.com\/la\/about-us\/","url":"https:\/\/www.streamplify.com\/la\/about-us\/","name":"About Us - Simplify | Amplify","isPartOf":{"@id":"https:\/\/www.streamplify.com\/#website"},"datePublished":"2022-01-07T02:18:46+00:00","dateModified":"2022-02-23T03:15:46+00:00","breadcrumb":{"@id":"https:\/\/www.streamplify.com\/la\/about-us\/#breadcrumb"},"inLanguage":"la-LA","potentialAction":[{"@type":"ReadAction","target":["https:\/\/www.streamplify.com\/la\/about-us\/"]}]},{"@type":"BreadcrumbList","@id":"https:\/\/www.streamplify.com\/la\/about-us\/#breadcrumb","itemListElement":[{"@type":"ListItem","position":1,"name":"Home","item":"https:\/\/www.streamplify.com\/la\/"},{"@type":"ListItem","position":2,"name":"About Us"}]},{"@type":"WebSite","@id":"https:\/\/www.streamplify.com\/#website","url":"https:\/\/www.streamplify.com\/","name":"Simplify | Amplify","description":"Streamplify","potentialAction":[{"@type":"SearchAction","target":{"@type":"EntryPoint","urlTemplate":"https:\/\/www.streamplify.com\/?s={search_term_string}"},"query-input":{"@type":"PropertyValueSpecification","valueRequired":true,"valueName":"search_term_string"}}],"inLanguage":"la-LA"}]}},"_links":{"self":[{"href":"https:\/\/www.streamplify.com\/la\/wp-json\/wp\/v2\/pages\/4298"}],"collection":[{"href":"https:\/\/www.streamplify.com\/la\/wp-json\/wp\/v2\/pages"}],"about":[{"href":"https:\/\/www.streamplify.com\/la\/wp-json\/wp\/v2\/types\/page"}],"author":[{"embeddable":true,"href":"https:\/\/www.streamplify.com\/la\/wp-json\/wp\/v2\/users\/16"}],"replies":[{"embeddable":true,"href":"https:\/\/www.streamplify.com\/la\/wp-json\/wp\/v2\/comments?post=4298"}],"version-history":[{"count":0,"href":"https:\/\/www.streamplify.com\/la\/wp-json\/wp\/v2\/pages\/4298\/revisions"}],"wp:attachment":[{"href":"https:\/\/www.streamplify.com\/la\/wp-json\/wp\/v2\/media?parent=4298"}],"curies":[{"name":"wp","href":"https:\/\/api.w.org\/{rel}","templated":true}]}}