{"id":4290,"date":"2022-01-07T10:11:01","date_gmt":"2022-01-07T02:11:01","guid":{"rendered":"https:\/\/www.streamplify.com\/about-us\/"},"modified":"2022-02-23T11:15:17","modified_gmt":"2022-02-23T03:15:17","slug":"about-us","status":"publish","type":"page","link":"https:\/\/www.streamplify.com\/it\/about-us\/","title":{"rendered":"About Us"},"content":{"rendered":"<section class=\"l-section wpb_row height_medium with_img\"><div class=\"l-section-img\" role=\"img\" data-img-width=\"1920\" data-img-height=\"1080\" style=\"background-image: url(https:\/\/www.streamplify.com\/wp-content\/uploads\/2021\/09\/streamplify-PPT-BG-2.jpg);background-repeat: no-repeat;\"><\/div><div class=\"l-section-overlay\" style=\"background:rgba(0,0,0,0.50)\"><\/div><div class=\"l-section-h i-cf\"><div class=\"g-cols vc_row via_grid cols_1 laptops-cols_inherit tablets-cols_inherit mobiles-cols_1 valign_top type_default stacking_default\"><div class=\"wpb_column vc_column_container\"><div class=\"vc_column-inner\"><div class=\"g-cols wpb_row via_grid cols_custom laptops-cols_inherit tablets-cols_inherit mobiles-cols_1 valign_top type_default stacking_default\" style=\"--gap:3rem;--custom-columns:1fr 4fr 1fr \"><div class=\"wpb_column vc_column_container\"><div class=\"vc_column-inner\"><\/div><\/div><div class=\"wpb_column vc_column_container\"><div class=\"vc_column-inner\"><div class=\"wpb_text_column\"><div class=\"wpb_wrapper\"><h1 style=\"text-align: center;\"><span style=\"color: #ededed;\">La nostra Missione<\/span><\/h1>\n<p style=\"text-align: center;\"><span style=\"color: #f5f5f5; font-size: 18pt;\">Condividi la gioia dello streaming<\/span><\/p>\n<\/div><\/div><\/div><\/div><div class=\"wpb_column vc_column_container\"><div class=\"vc_column-inner\"><\/div><\/div><\/div><div class=\"w-separator size_medium\"><\/div><div class=\"g-cols wpb_row via_grid cols_custom laptops-cols_inherit tablets-cols_inherit mobiles-cols_1 valign_top type_default stacking_default\" style=\"--gap:3rem;--custom-columns:1fr 4fr 1fr \"><div class=\"wpb_column vc_column_container\"><div class=\"vc_column-inner\"><\/div><\/div><div class=\"wpb_column vc_column_container\"><div class=\"vc_column-inner\"><div class=\"wpb_text_column\"><div class=\"wpb_wrapper\"><p style=\"text-align: center;\"><span style=\"color: #f5f5f5;\">Il nostro obiettivo \u00e8 quello di ispirare i giovani con un budget limitato a condividere le loro passioni e interessi con il mondo.<\/span><\/p>\n<p style=\"text-align: center;\"><span style=\"color: #f5f5f5;\">Iniziare a fare live streaming pu\u00f2 essere un processo scoraggiante e a volte spesso complicato. Ecco perch\u00e9 \u00e8 importante per noi rendere il pi\u00f9 facile possibile per te condividere i tuoi contenuti in un modo che sia semplice e accessibile. Fornendo webcam, microfoni, luci anulari, schermi verdi e altro ancora, Streamplify offre agli aspiranti streamer e ai creatori di contenuti un modo per iniziare a lavorare senza spendere una fortuna. <\/span><\/p>\n<\/div><\/div><\/div><\/div><div class=\"wpb_column vc_column_container\"><div class=\"vc_column-inner\"><\/div><\/div><\/div><div class=\"w-separator size_medium\"><\/div><div class=\"g-cols wpb_row via_grid cols_custom laptops-cols_inherit tablets-cols_inherit mobiles-cols_1 valign_top type_default stacking_default\" style=\"--gap:3rem;--custom-columns:1fr 4fr 1fr \"><div class=\"wpb_column vc_column_container\"><div class=\"vc_column-inner\"><\/div><\/div><div class=\"wpb_column vc_column_container\"><div class=\"vc_column-inner\"><div class=\"wpb_text_column\"><div class=\"wpb_wrapper\"><h1 style=\"text-align: center;\"><span style=\"color: #ededed;\">Su di noi <\/span><\/h1>\n<p style=\"text-align: center;\"><span style=\"color: #f5f5f5;\">Nato dalla passione per il gaming, il successo di Pro Gamers Group \u00e8 stato spinto dall&#8217;entusiasmo e dalla visione dei suoi marchi e dei suoi partner. Il nostro gruppo comprende un numero crescente di aziende e influencer, alcuni con oltre 20 anni di esperienza nel settore, tutti impegnati a creare un servizio e un supporto senza pari.<\/span><\/p>\n<p style=\"text-align: center;\"><span style=\"color: rgba(245, 245, 245, 0.96);\">La nostra visione \u00e8 quella di essere il leader indiscusso nelle esperienze di gioco immersive a tutti i livelli.<\/span><\/p>\n<\/div><\/div><div class=\"w-separator size_small\"><\/div><div class=\"w-btn-wrapper align_center\"><a class=\"w-btn us-btn-style_8\" target=\"_blank\" rel=\"nofollow\" href=\"https:\/\/progamersgroup.com\/about.html\"><span class=\"w-btn-label\">Scopri di pi\u00f9<\/span><\/a><\/div><\/div><\/div><div class=\"wpb_column vc_column_container\"><div class=\"vc_column-inner\"><\/div><\/div><\/div><div class=\"w-separator size_medium\"><\/div><\/div><\/div><\/div><\/div><\/section><!-- Row Backgrounds -->\n","protected":false},"excerpt":{"rendered":"La nostra Missione Condividi la gioia dello streaming Il nostro obiettivo \u00e8 quello di ispirare i giovani con un budget limitato a condividere le loro passioni e interessi con il mondo. Iniziare a fare live streaming pu\u00f2 essere un processo scoraggiante e a volte spesso complicato. Ecco perch\u00e9 \u00e8 importante per noi rendere il pi\u00f9...","protected":false},"author":16,"featured_media":0,"parent":0,"menu_order":0,"comment_status":"closed","ping_status":"closed","template":"","meta":{"footnotes":""},"class_list":["post-4290","page","type-page","status-publish","hentry"],"yoast_head":"<!-- This site is optimized with the Yoast SEO plugin v23.4 - https:\/\/yoast.com\/wordpress\/plugins\/seo\/ -->\n<title>About Us - Simplify | Amplify<\/title>\n<meta name=\"robots\" content=\"index, follow, max-snippet:-1, max-image-preview:large, max-video-preview:-1\" \/>\n<link rel=\"canonical\" href=\"https:\/\/www.streamplify.com\/it\/about-us\/\" \/>\n<meta property=\"og:locale\" content=\"it_IT\" \/>\n<meta property=\"og:type\" content=\"article\" \/>\n<meta property=\"og:title\" content=\"About Us - Simplify | Amplify\" \/>\n<meta property=\"og:url\" content=\"https:\/\/www.streamplify.com\/it\/about-us\/\" \/>\n<meta property=\"og:site_name\" content=\"Simplify | Amplify\" \/>\n<meta property=\"article:modified_time\" content=\"2022-02-23T03:15:17+00:00\" \/>\n<meta name=\"twitter:card\" content=\"summary_large_image\" \/>\n<meta name=\"twitter:label1\" content=\"Tempo di lettura stimato\" \/>\n\t<meta name=\"twitter:data1\" content=\"1 minuto\" \/>\n<script type=\"application\/ld+json\" class=\"yoast-schema-graph\">{\"@context\":\"https:\/\/schema.org\",\"@graph\":[{\"@type\":\"WebPage\",\"@id\":\"https:\/\/www.streamplify.com\/it\/about-us\/\",\"url\":\"https:\/\/www.streamplify.com\/it\/about-us\/\",\"name\":\"About Us - Simplify | Amplify\",\"isPartOf\":{\"@id\":\"https:\/\/www.streamplify.com\/#website\"},\"datePublished\":\"2022-01-07T02:11:01+00:00\",\"dateModified\":\"2022-02-23T03:15:17+00:00\",\"breadcrumb\":{\"@id\":\"https:\/\/www.streamplify.com\/it\/about-us\/#breadcrumb\"},\"inLanguage\":\"it-IT\",\"potentialAction\":[{\"@type\":\"ReadAction\",\"target\":[\"https:\/\/www.streamplify.com\/it\/about-us\/\"]}]},{\"@type\":\"BreadcrumbList\",\"@id\":\"https:\/\/www.streamplify.com\/it\/about-us\/#breadcrumb\",\"itemListElement\":[{\"@type\":\"ListItem\",\"position\":1,\"name\":\"Home\",\"item\":\"https:\/\/www.streamplify.com\/it\/\"},{\"@type\":\"ListItem\",\"position\":2,\"name\":\"About Us\"}]},{\"@type\":\"WebSite\",\"@id\":\"https:\/\/www.streamplify.com\/#website\",\"url\":\"https:\/\/www.streamplify.com\/\",\"name\":\"Simplify | Amplify\",\"description\":\"Streamplify\",\"potentialAction\":[{\"@type\":\"SearchAction\",\"target\":{\"@type\":\"EntryPoint\",\"urlTemplate\":\"https:\/\/www.streamplify.com\/?s={search_term_string}\"},\"query-input\":{\"@type\":\"PropertyValueSpecification\",\"valueRequired\":true,\"valueName\":\"search_term_string\"}}],\"inLanguage\":\"it-IT\"}]}<\/script>\n<!-- \/ Yoast SEO plugin. -->","yoast_head_json":{"title":"About Us - Simplify | Amplify","robots":{"index":"index","follow":"follow","max-snippet":"max-snippet:-1","max-image-preview":"max-image-preview:large","max-video-preview":"max-video-preview:-1"},"canonical":"https:\/\/www.streamplify.com\/it\/about-us\/","og_locale":"it_IT","og_type":"article","og_title":"About Us - Simplify | Amplify","og_url":"https:\/\/www.streamplify.com\/it\/about-us\/","og_site_name":"Simplify | Amplify","article_modified_time":"2022-02-23T03:15:17+00:00","twitter_card":"summary_large_image","twitter_misc":{"Tempo di lettura stimato":"1 minuto"},"schema":{"@context":"https:\/\/schema.org","@graph":[{"@type":"WebPage","@id":"https:\/\/www.streamplify.com\/it\/about-us\/","url":"https:\/\/www.streamplify.com\/it\/about-us\/","name":"About Us - Simplify | Amplify","isPartOf":{"@id":"https:\/\/www.streamplify.com\/#website"},"datePublished":"2022-01-07T02:11:01+00:00","dateModified":"2022-02-23T03:15:17+00:00","breadcrumb":{"@id":"https:\/\/www.streamplify.com\/it\/about-us\/#breadcrumb"},"inLanguage":"it-IT","potentialAction":[{"@type":"ReadAction","target":["https:\/\/www.streamplify.com\/it\/about-us\/"]}]},{"@type":"BreadcrumbList","@id":"https:\/\/www.streamplify.com\/it\/about-us\/#breadcrumb","itemListElement":[{"@type":"ListItem","position":1,"name":"Home","item":"https:\/\/www.streamplify.com\/it\/"},{"@type":"ListItem","position":2,"name":"About Us"}]},{"@type":"WebSite","@id":"https:\/\/www.streamplify.com\/#website","url":"https:\/\/www.streamplify.com\/","name":"Simplify | Amplify","description":"Streamplify","potentialAction":[{"@type":"SearchAction","target":{"@type":"EntryPoint","urlTemplate":"https:\/\/www.streamplify.com\/?s={search_term_string}"},"query-input":{"@type":"PropertyValueSpecification","valueRequired":true,"valueName":"search_term_string"}}],"inLanguage":"it-IT"}]}},"_links":{"self":[{"href":"https:\/\/www.streamplify.com\/it\/wp-json\/wp\/v2\/pages\/4290"}],"collection":[{"href":"https:\/\/www.streamplify.com\/it\/wp-json\/wp\/v2\/pages"}],"about":[{"href":"https:\/\/www.streamplify.com\/it\/wp-json\/wp\/v2\/types\/page"}],"author":[{"embeddable":true,"href":"https:\/\/www.streamplify.com\/it\/wp-json\/wp\/v2\/users\/16"}],"replies":[{"embeddable":true,"href":"https:\/\/www.streamplify.com\/it\/wp-json\/wp\/v2\/comments?post=4290"}],"version-history":[{"count":0,"href":"https:\/\/www.streamplify.com\/it\/wp-json\/wp\/v2\/pages\/4290\/revisions"}],"wp:attachment":[{"href":"https:\/\/www.streamplify.com\/it\/wp-json\/wp\/v2\/media?parent=4290"}],"curies":[{"name":"wp","href":"https:\/\/api.w.org\/{rel}","templated":true}]}}