{"id":4304,"date":"2022-01-07T10:27:05","date_gmt":"2022-01-07T02:27:05","guid":{"rendered":"https:\/\/www.streamplify.com\/about-us\/"},"modified":"2022-02-23T11:16:41","modified_gmt":"2022-02-23T03:16:41","slug":"about-us","status":"publish","type":"page","link":"https:\/\/www.streamplify.com\/hu\/about-us\/","title":{"rendered":"About Us"},"content":{"rendered":"<section class=\"l-section wpb_row height_medium with_img\"><div class=\"l-section-img\" role=\"img\" data-img-width=\"1920\" data-img-height=\"1080\" style=\"background-image: url(https:\/\/www.streamplify.com\/wp-content\/uploads\/2021\/09\/streamplify-PPT-BG-2.jpg);background-repeat: no-repeat;\"><\/div><div class=\"l-section-overlay\" style=\"background:rgba(0,0,0,0.50)\"><\/div><div class=\"l-section-h i-cf\"><div class=\"g-cols vc_row via_grid cols_1 laptops-cols_inherit tablets-cols_inherit mobiles-cols_1 valign_top type_default stacking_default\"><div class=\"wpb_column vc_column_container\"><div class=\"vc_column-inner\"><div class=\"g-cols wpb_row via_grid cols_custom laptops-cols_inherit tablets-cols_inherit mobiles-cols_1 valign_top type_default stacking_default\" style=\"--gap:3rem;--custom-columns:1fr 4fr 1fr \"><div class=\"wpb_column vc_column_container\"><div class=\"vc_column-inner\"><\/div><\/div><div class=\"wpb_column vc_column_container\"><div class=\"vc_column-inner\"><div class=\"wpb_text_column\"><div class=\"wpb_wrapper\"><h1 style=\"text-align: center;\"><span style=\"color: #ededed;\">K\u00fcldet\u00e9s\u00fcnk<\/span><\/h1>\n<p style=\"text-align: center;\"><span style=\"color: #f5f5f5; font-size: 18pt;\">Az \u00e9l\u0151 k\u00f6zvet\u00edt\u00e9s hat\u00e1rtalan \u00f6r\u00f6m\u00e9nek biztos\u00edt\u00e1sa<\/span><\/p>\n<\/div><\/div><\/div><\/div><div class=\"wpb_column vc_column_container\"><div class=\"vc_column-inner\"><\/div><\/div><\/div><div class=\"w-separator size_medium\"><\/div><div class=\"g-cols wpb_row via_grid cols_custom laptops-cols_inherit tablets-cols_inherit mobiles-cols_1 valign_top type_default stacking_default\" style=\"--gap:3rem;--custom-columns:1fr 4fr 1fr \"><div class=\"wpb_column vc_column_container\"><div class=\"vc_column-inner\"><\/div><\/div><div class=\"wpb_column vc_column_container\"><div class=\"vc_column-inner\"><div class=\"wpb_text_column\"><div class=\"wpb_wrapper\"><p style=\"text-align: center;\"><span style=\"color: #f5f5f5;\">Miut\u00e1n m\u00e1ra az internet lett a sz\u00f3rakoz\u00e1s, a j\u00e1t\u00e9k \u00e9s a pihen\u00e9s els\u0151dleges helysz\u00edne, a Streamplify k\u00fcldet\u00e9s\u00e9nek v\u00e1lasztotta, hogy a k\u00f6zvet\u00edt\u00e9s \u00f6r\u00f6m\u00e9t a lehet\u0151 legk\u00f6nnyebben, \u00e1m magas min\u0151s\u00e9gben biztos\u00edtsa b\u00e1rkinek szerte a vil\u00e1gban. Egyszer\u0171en nagyszer\u0171.<\/span><\/p>\n<p style=\"text-align: center;\"><span style=\"color: #f5f5f5;\">Egy \u00e9l\u0151 k\u00f6zvet\u00edt\u00e9s, els\u0151 nekifut\u00e1sra, ijeszt\u0151 \u00e9s gyakran bonyolult folyamat lehet. Ez\u00e9rt fontos sz\u00e1munkra, hogy a lehet\u0151 legegyszer\u0171bb\u00e9 tegy\u00fck a tartalmak egyszer\u0171 \u00e9s hozz\u00e1f\u00e9rhet\u0151 m\u00f3don t\u00f6rt\u00e9n\u0151 megoszt\u00e1s\u00e1t. Min\u0151s\u00e9gi, m\u00e9gis megfizethet\u0151 webkamer\u00e1kkal, mikrofonokkal, k\u00f6rl\u00e1mp\u00e1kkal, z\u00f6ld h\u00e1tt\u00e9rrel \u00e9s egy\u00e9b eszk\u00f6zzel a Streamplify lehet\u0151s\u00e9get ad a kezd\u0151 \u00e9s felt\u00f6rekv\u0151 streamel\u0151knek \u00e9s tartalomk\u00e9sz\u00edt\u0151knek, hogy elinduljanak a v\u00e1lasztott \u00faton an\u00e9lk\u00fcl, hogy bankot robbantan\u00e1nak. <\/span><\/p>\n<\/div><\/div><\/div><\/div><div class=\"wpb_column vc_column_container\"><div class=\"vc_column-inner\"><\/div><\/div><\/div><div class=\"w-separator size_medium\"><\/div><div class=\"g-cols wpb_row via_grid cols_custom laptops-cols_inherit tablets-cols_inherit mobiles-cols_1 valign_top type_default stacking_default\" style=\"--gap:3rem;--custom-columns:1fr 4fr 1fr \"><div class=\"wpb_column vc_column_container\"><div class=\"vc_column-inner\"><\/div><\/div><div class=\"wpb_column vc_column_container\"><div class=\"vc_column-inner\"><div class=\"wpb_text_column\"><div class=\"wpb_wrapper\"><h1 style=\"text-align: center;\"><span style=\"color: #ededed;\">R\u00f3lunk <\/span><\/h1>\n<p style=\"text-align: center;\"><span style=\"color: #f5f5f5;\">A j\u00e1t\u00e9k ir\u00e1nti szenved\u00e9lyb\u0151l sz\u00fcletett Pro Gamers Group siker\u00e9t, a Csoport tulajdon\u00e1ban l\u00e9v\u0151 sz\u00ednvonalas m\u00e1rk\u00e1k \u00e9s a Partnerek egy\u00fcttes lelkesed\u00e9se \u00e9s k\u00f6z\u00f6s j\u00f6v\u0151k\u00e9pe hajtotta. Csoportunkhoz egyre t\u00f6bb v\u00e1llalat \u00e9s influencer csatlakozik. Az \u0151k ak\u00e1r t\u00f6bb mint 20 \u00e9ves ipar\u00e1gi tapasztalat\u00e1val, rendk\u00edv\u00fcli szakmai t\u00e1mogat\u00e1sukkal, garat\u00e1lt szolg\u00e1ltat\u00e1saink, term\u00e9keink kimagasl\u00f3 sz\u00ednvonala.<\/span><\/p>\n<p style=\"text-align: center;\"><span style=\"color: rgba(245, 245, 245, 0.96);\">V\u00e9gs\u0151 c\u00e9lunk, hogy meghat\u00e1roz\u00f3 szerepet t\u00f6lts\u00fcnk be a gaming k\u00f6vet\u00edt\u00e9sek szolg\u00e1ltat\u00e1sa ter\u00e9n.<\/span><\/p>\n<\/div><\/div><div class=\"w-separator size_small\"><\/div><div class=\"w-btn-wrapper align_center\"><a class=\"w-btn us-btn-style_8\" target=\"_blank\" rel=\"nofollow\" href=\"https:\/\/progamersgroup.com\/about.html\"><span class=\"w-btn-label\">Tudj meg t\u00f6bbet<\/span><\/a><\/div><\/div><\/div><div class=\"wpb_column vc_column_container\"><div class=\"vc_column-inner\"><\/div><\/div><\/div><div class=\"w-separator size_medium\"><\/div><\/div><\/div><\/div><\/div><\/section><!-- Row Backgrounds -->\n","protected":false},"excerpt":{"rendered":"K\u00fcldet\u00e9s\u00fcnk Az \u00e9l\u0151 k\u00f6zvet\u00edt\u00e9s hat\u00e1rtalan \u00f6r\u00f6m\u00e9nek biztos\u00edt\u00e1sa Miut\u00e1n m\u00e1ra az internet lett a sz\u00f3rakoz\u00e1s, a j\u00e1t\u00e9k \u00e9s a pihen\u00e9s els\u0151dleges helysz\u00edne, a Streamplify k\u00fcldet\u00e9s\u00e9nek v\u00e1lasztotta, hogy a k\u00f6zvet\u00edt\u00e9s \u00f6r\u00f6m\u00e9t a lehet\u0151 legk\u00f6nnyebben, \u00e1m magas min\u0151s\u00e9gben biztos\u00edtsa b\u00e1rkinek szerte a vil\u00e1gban. Egyszer\u0171en nagyszer\u0171. Egy \u00e9l\u0151 k\u00f6zvet\u00edt\u00e9s, els\u0151 nekifut\u00e1sra, ijeszt\u0151 \u00e9s gyakran bonyolult folyamat lehet. Ez\u00e9rt fontos...","protected":false},"author":16,"featured_media":0,"parent":0,"menu_order":0,"comment_status":"closed","ping_status":"closed","template":"","meta":{"footnotes":""},"class_list":["post-4304","page","type-page","status-publish","hentry"],"yoast_head":"<!-- This site is optimized with the Yoast SEO plugin v23.4 - https:\/\/yoast.com\/wordpress\/plugins\/seo\/ -->\n<title>About Us - Simplify | Amplify<\/title>\n<meta name=\"robots\" content=\"index, follow, max-snippet:-1, max-image-preview:large, max-video-preview:-1\" \/>\n<link rel=\"canonical\" href=\"https:\/\/www.streamplify.com\/hu\/about-us\/\" \/>\n<meta property=\"og:locale\" content=\"hu_HU\" \/>\n<meta property=\"og:type\" content=\"article\" \/>\n<meta property=\"og:title\" content=\"About Us - Simplify | Amplify\" \/>\n<meta property=\"og:url\" content=\"https:\/\/www.streamplify.com\/hu\/about-us\/\" \/>\n<meta property=\"og:site_name\" content=\"Simplify | Amplify\" \/>\n<meta property=\"article:modified_time\" content=\"2022-02-23T03:16:41+00:00\" \/>\n<meta name=\"twitter:card\" content=\"summary_large_image\" \/>\n<meta name=\"twitter:label1\" content=\"Becs\u00fclt olvas\u00e1si id\u0151\" \/>\n\t<meta name=\"twitter:data1\" content=\"1 perc\" \/>\n<script type=\"application\/ld+json\" class=\"yoast-schema-graph\">{\"@context\":\"https:\/\/schema.org\",\"@graph\":[{\"@type\":\"WebPage\",\"@id\":\"https:\/\/www.streamplify.com\/hu\/about-us\/\",\"url\":\"https:\/\/www.streamplify.com\/hu\/about-us\/\",\"name\":\"About Us - Simplify | Amplify\",\"isPartOf\":{\"@id\":\"https:\/\/www.streamplify.com\/#website\"},\"datePublished\":\"2022-01-07T02:27:05+00:00\",\"dateModified\":\"2022-02-23T03:16:41+00:00\",\"breadcrumb\":{\"@id\":\"https:\/\/www.streamplify.com\/hu\/about-us\/#breadcrumb\"},\"inLanguage\":\"hu\",\"potentialAction\":[{\"@type\":\"ReadAction\",\"target\":[\"https:\/\/www.streamplify.com\/hu\/about-us\/\"]}]},{\"@type\":\"BreadcrumbList\",\"@id\":\"https:\/\/www.streamplify.com\/hu\/about-us\/#breadcrumb\",\"itemListElement\":[{\"@type\":\"ListItem\",\"position\":1,\"name\":\"Home\",\"item\":\"https:\/\/www.streamplify.com\/hu\/\"},{\"@type\":\"ListItem\",\"position\":2,\"name\":\"About Us\"}]},{\"@type\":\"WebSite\",\"@id\":\"https:\/\/www.streamplify.com\/#website\",\"url\":\"https:\/\/www.streamplify.com\/\",\"name\":\"Simplify | Amplify\",\"description\":\"Streamplify\",\"potentialAction\":[{\"@type\":\"SearchAction\",\"target\":{\"@type\":\"EntryPoint\",\"urlTemplate\":\"https:\/\/www.streamplify.com\/?s={search_term_string}\"},\"query-input\":{\"@type\":\"PropertyValueSpecification\",\"valueRequired\":true,\"valueName\":\"search_term_string\"}}],\"inLanguage\":\"hu\"}]}<\/script>\n<!-- \/ Yoast SEO plugin. -->","yoast_head_json":{"title":"About Us - Simplify | Amplify","robots":{"index":"index","follow":"follow","max-snippet":"max-snippet:-1","max-image-preview":"max-image-preview:large","max-video-preview":"max-video-preview:-1"},"canonical":"https:\/\/www.streamplify.com\/hu\/about-us\/","og_locale":"hu_HU","og_type":"article","og_title":"About Us - Simplify | Amplify","og_url":"https:\/\/www.streamplify.com\/hu\/about-us\/","og_site_name":"Simplify | Amplify","article_modified_time":"2022-02-23T03:16:41+00:00","twitter_card":"summary_large_image","twitter_misc":{"Becs\u00fclt olvas\u00e1si id\u0151":"1 perc"},"schema":{"@context":"https:\/\/schema.org","@graph":[{"@type":"WebPage","@id":"https:\/\/www.streamplify.com\/hu\/about-us\/","url":"https:\/\/www.streamplify.com\/hu\/about-us\/","name":"About Us - Simplify | Amplify","isPartOf":{"@id":"https:\/\/www.streamplify.com\/#website"},"datePublished":"2022-01-07T02:27:05+00:00","dateModified":"2022-02-23T03:16:41+00:00","breadcrumb":{"@id":"https:\/\/www.streamplify.com\/hu\/about-us\/#breadcrumb"},"inLanguage":"hu","potentialAction":[{"@type":"ReadAction","target":["https:\/\/www.streamplify.com\/hu\/about-us\/"]}]},{"@type":"BreadcrumbList","@id":"https:\/\/www.streamplify.com\/hu\/about-us\/#breadcrumb","itemListElement":[{"@type":"ListItem","position":1,"name":"Home","item":"https:\/\/www.streamplify.com\/hu\/"},{"@type":"ListItem","position":2,"name":"About Us"}]},{"@type":"WebSite","@id":"https:\/\/www.streamplify.com\/#website","url":"https:\/\/www.streamplify.com\/","name":"Simplify | Amplify","description":"Streamplify","potentialAction":[{"@type":"SearchAction","target":{"@type":"EntryPoint","urlTemplate":"https:\/\/www.streamplify.com\/?s={search_term_string}"},"query-input":{"@type":"PropertyValueSpecification","valueRequired":true,"valueName":"search_term_string"}}],"inLanguage":"hu"}]}},"_links":{"self":[{"href":"https:\/\/www.streamplify.com\/hu\/wp-json\/wp\/v2\/pages\/4304"}],"collection":[{"href":"https:\/\/www.streamplify.com\/hu\/wp-json\/wp\/v2\/pages"}],"about":[{"href":"https:\/\/www.streamplify.com\/hu\/wp-json\/wp\/v2\/types\/page"}],"author":[{"embeddable":true,"href":"https:\/\/www.streamplify.com\/hu\/wp-json\/wp\/v2\/users\/16"}],"replies":[{"embeddable":true,"href":"https:\/\/www.streamplify.com\/hu\/wp-json\/wp\/v2\/comments?post=4304"}],"version-history":[{"count":0,"href":"https:\/\/www.streamplify.com\/hu\/wp-json\/wp\/v2\/pages\/4304\/revisions"}],"wp:attachment":[{"href":"https:\/\/www.streamplify.com\/hu\/wp-json\/wp\/v2\/media?parent=4304"}],"curies":[{"name":"wp","href":"https:\/\/api.w.org\/{rel}","templated":true}]}}