{"id":4300,"date":"2022-01-07T10:22:46","date_gmt":"2022-01-07T02:22:46","guid":{"rendered":"https:\/\/www.streamplify.com\/about-us\/"},"modified":"2022-02-23T11:15:11","modified_gmt":"2022-02-23T03:15:11","slug":"about-us","status":"publish","type":"page","link":"https:\/\/www.streamplify.com\/fr\/about-us\/","title":{"rendered":"About Us"},"content":{"rendered":"<section class=\"l-section wpb_row height_medium with_img\"><div class=\"l-section-img\" role=\"img\" data-img-width=\"1920\" data-img-height=\"1080\" style=\"background-image: url(https:\/\/www.streamplify.com\/wp-content\/uploads\/2021\/09\/streamplify-PPT-BG-2.jpg);background-repeat: no-repeat;\"><\/div><div class=\"l-section-overlay\" style=\"background:rgba(0,0,0,0.50)\"><\/div><div class=\"l-section-h i-cf\"><div class=\"g-cols vc_row via_grid cols_1 laptops-cols_inherit tablets-cols_inherit mobiles-cols_1 valign_top type_default stacking_default\"><div class=\"wpb_column vc_column_container\"><div class=\"vc_column-inner\"><div class=\"g-cols wpb_row via_grid cols_custom laptops-cols_inherit tablets-cols_inherit mobiles-cols_1 valign_top type_default stacking_default\" style=\"--gap:3rem;--custom-columns:1fr 4fr 1fr \"><div class=\"wpb_column vc_column_container\"><div class=\"vc_column-inner\"><\/div><\/div><div class=\"wpb_column vc_column_container\"><div class=\"vc_column-inner\"><div class=\"wpb_text_column\"><div class=\"wpb_wrapper\"><h1 style=\"text-align: center;\"><span style=\"color: #ededed;\">Notre Mission<\/span><\/h1>\n<p style=\"text-align: center;\"><span style=\"color: #f5f5f5; font-size: 18pt;\">Partagez la joie du streaming<\/span><\/p>\n<\/div><\/div><\/div><\/div><div class=\"wpb_column vc_column_container\"><div class=\"vc_column-inner\"><\/div><\/div><\/div><div class=\"w-separator size_medium\"><\/div><div class=\"g-cols wpb_row via_grid cols_custom laptops-cols_inherit tablets-cols_inherit mobiles-cols_1 valign_top type_default stacking_default\" style=\"--gap:3rem;--custom-columns:1fr 4fr 1fr \"><div class=\"wpb_column vc_column_container\"><div class=\"vc_column-inner\"><\/div><\/div><div class=\"wpb_column vc_column_container\"><div class=\"vc_column-inner\"><div class=\"wpb_text_column\"><div class=\"wpb_wrapper\"><p style=\"text-align: center;\"><span style=\"color: #f5f5f5;\">Nous avons pour objectif d&rsquo;inspirer les jeunes avec un budget serr\u00e9 \u00e0 partager leurs passions et centres d&rsquo;int\u00e9r\u00eat avec le monde entier.<\/span><\/p>\n<p style=\"text-align: center;\"><span style=\"color: #f5f5f5;\">Se lancer dans le streaming peut \u00eatre un processus intimidant et compliqu\u00e9. C&rsquo;est pourquoi il est important pour nous de vous permettre de partager votre contenu aussi facilement que possible d&rsquo;une mani\u00e8re accessible et simple. En fournissant des webcams, microphones, \u00e9crans verts et plus encore de haute qualit\u00e9 \u00e0 des tarifs abordables, Streamplify offre aux aspirants streamers et cr\u00e9ateurs de contenu un moyen de d\u00e9coller sans se ruiner. <\/span><\/p>\n<\/div><\/div><\/div><\/div><div class=\"wpb_column vc_column_container\"><div class=\"vc_column-inner\"><\/div><\/div><\/div><div class=\"w-separator size_medium\"><\/div><div class=\"g-cols wpb_row via_grid cols_custom laptops-cols_inherit tablets-cols_inherit mobiles-cols_1 valign_top type_default stacking_default\" style=\"--gap:3rem;--custom-columns:1fr 4fr 1fr \"><div class=\"wpb_column vc_column_container\"><div class=\"vc_column-inner\"><\/div><\/div><div class=\"wpb_column vc_column_container\"><div class=\"vc_column-inner\"><div class=\"wpb_text_column\"><div class=\"wpb_wrapper\"><h1 style=\"text-align: center;\"><span style=\"color: #ededed;\">A propos de nous <\/span><\/h1>\n<p style=\"text-align: center;\"><span style=\"color: #f5f5f5;\">N\u00e9 de la passion pour le jeu, le succ\u00e8s de Pro gamer Group a \u00e9t\u00e9 propuls\u00e9 par l&rsquo;enthousiasme et la vision combin\u00e9s de ses marques membres et partenaires. Notre groupe comprend un nombre croissant d&rsquo;entreprises et influenceurs, certains avec plus de 20 ans d&rsquo;exp\u00e9rience dans l&rsquo;industrie, tous s&rsquo;effor\u00e7ant de cr\u00e9er un service et une assistance in\u00e9gal\u00e9s.<\/span><\/p>\n<p style=\"text-align: center;\"><span style=\"color: rgba(245, 245, 245, 0.96);\">Notre vision est d&rsquo;\u00eatre le leader incontest\u00e9 des exp\u00e9riences de jeu immersives \u00e0 tous les niveaux.<\/span><\/p>\n<\/div><\/div><div class=\"w-separator size_small\"><\/div><div class=\"w-btn-wrapper align_center\"><a class=\"w-btn us-btn-style_8\" target=\"_blank\" rel=\"nofollow\" href=\"https:\/\/progamersgroup.com\/about.html\"><span class=\"w-btn-label\">D\u00e9couvrez-en plus<\/span><\/a><\/div><\/div><\/div><div class=\"wpb_column vc_column_container\"><div class=\"vc_column-inner\"><\/div><\/div><\/div><div class=\"w-separator size_medium\"><\/div><\/div><\/div><\/div><\/div><\/section><!-- Row Backgrounds -->\n","protected":false},"excerpt":{"rendered":"Notre Mission Partagez la joie du streaming Nous avons pour objectif d&rsquo;inspirer les jeunes avec un budget serr\u00e9 \u00e0 partager leurs passions et centres d&rsquo;int\u00e9r\u00eat avec le monde entier. Se lancer dans le streaming peut \u00eatre un processus intimidant et compliqu\u00e9. C&rsquo;est pourquoi il est important pour nous de vous permettre de partager votre contenu...","protected":false},"author":16,"featured_media":0,"parent":0,"menu_order":0,"comment_status":"closed","ping_status":"closed","template":"","meta":{"footnotes":""},"class_list":["post-4300","page","type-page","status-publish","hentry"],"yoast_head":"<!-- This site is optimized with the Yoast SEO plugin v23.4 - https:\/\/yoast.com\/wordpress\/plugins\/seo\/ -->\n<title>About Us - Simplify | Amplify<\/title>\n<meta name=\"robots\" content=\"index, follow, max-snippet:-1, max-image-preview:large, max-video-preview:-1\" \/>\n<link rel=\"canonical\" href=\"https:\/\/www.streamplify.com\/fr\/about-us\/\" \/>\n<meta property=\"og:locale\" content=\"fr_FR\" \/>\n<meta property=\"og:type\" content=\"article\" \/>\n<meta property=\"og:title\" content=\"About Us - Simplify | Amplify\" \/>\n<meta property=\"og:url\" content=\"https:\/\/www.streamplify.com\/fr\/about-us\/\" \/>\n<meta property=\"og:site_name\" content=\"Simplify | Amplify\" \/>\n<meta property=\"article:modified_time\" content=\"2022-02-23T03:15:11+00:00\" \/>\n<meta name=\"twitter:card\" content=\"summary_large_image\" \/>\n<meta name=\"twitter:label1\" content=\"Dur\u00e9e de lecture estim\u00e9e\" \/>\n\t<meta name=\"twitter:data1\" content=\"1 minute\" \/>\n<script type=\"application\/ld+json\" class=\"yoast-schema-graph\">{\"@context\":\"https:\/\/schema.org\",\"@graph\":[{\"@type\":\"WebPage\",\"@id\":\"https:\/\/www.streamplify.com\/fr\/about-us\/\",\"url\":\"https:\/\/www.streamplify.com\/fr\/about-us\/\",\"name\":\"About Us - Simplify | Amplify\",\"isPartOf\":{\"@id\":\"https:\/\/www.streamplify.com\/#website\"},\"datePublished\":\"2022-01-07T02:22:46+00:00\",\"dateModified\":\"2022-02-23T03:15:11+00:00\",\"breadcrumb\":{\"@id\":\"https:\/\/www.streamplify.com\/fr\/about-us\/#breadcrumb\"},\"inLanguage\":\"fr-FR\",\"potentialAction\":[{\"@type\":\"ReadAction\",\"target\":[\"https:\/\/www.streamplify.com\/fr\/about-us\/\"]}]},{\"@type\":\"BreadcrumbList\",\"@id\":\"https:\/\/www.streamplify.com\/fr\/about-us\/#breadcrumb\",\"itemListElement\":[{\"@type\":\"ListItem\",\"position\":1,\"name\":\"Home\",\"item\":\"https:\/\/www.streamplify.com\/fr\/\"},{\"@type\":\"ListItem\",\"position\":2,\"name\":\"About Us\"}]},{\"@type\":\"WebSite\",\"@id\":\"https:\/\/www.streamplify.com\/#website\",\"url\":\"https:\/\/www.streamplify.com\/\",\"name\":\"Simplify | Amplify\",\"description\":\"Streamplify\",\"potentialAction\":[{\"@type\":\"SearchAction\",\"target\":{\"@type\":\"EntryPoint\",\"urlTemplate\":\"https:\/\/www.streamplify.com\/?s={search_term_string}\"},\"query-input\":{\"@type\":\"PropertyValueSpecification\",\"valueRequired\":true,\"valueName\":\"search_term_string\"}}],\"inLanguage\":\"fr-FR\"}]}<\/script>\n<!-- \/ Yoast SEO plugin. -->","yoast_head_json":{"title":"About Us - Simplify | Amplify","robots":{"index":"index","follow":"follow","max-snippet":"max-snippet:-1","max-image-preview":"max-image-preview:large","max-video-preview":"max-video-preview:-1"},"canonical":"https:\/\/www.streamplify.com\/fr\/about-us\/","og_locale":"fr_FR","og_type":"article","og_title":"About Us - Simplify | Amplify","og_url":"https:\/\/www.streamplify.com\/fr\/about-us\/","og_site_name":"Simplify | Amplify","article_modified_time":"2022-02-23T03:15:11+00:00","twitter_card":"summary_large_image","twitter_misc":{"Dur\u00e9e de lecture estim\u00e9e":"1 minute"},"schema":{"@context":"https:\/\/schema.org","@graph":[{"@type":"WebPage","@id":"https:\/\/www.streamplify.com\/fr\/about-us\/","url":"https:\/\/www.streamplify.com\/fr\/about-us\/","name":"About Us - Simplify | Amplify","isPartOf":{"@id":"https:\/\/www.streamplify.com\/#website"},"datePublished":"2022-01-07T02:22:46+00:00","dateModified":"2022-02-23T03:15:11+00:00","breadcrumb":{"@id":"https:\/\/www.streamplify.com\/fr\/about-us\/#breadcrumb"},"inLanguage":"fr-FR","potentialAction":[{"@type":"ReadAction","target":["https:\/\/www.streamplify.com\/fr\/about-us\/"]}]},{"@type":"BreadcrumbList","@id":"https:\/\/www.streamplify.com\/fr\/about-us\/#breadcrumb","itemListElement":[{"@type":"ListItem","position":1,"name":"Home","item":"https:\/\/www.streamplify.com\/fr\/"},{"@type":"ListItem","position":2,"name":"About Us"}]},{"@type":"WebSite","@id":"https:\/\/www.streamplify.com\/#website","url":"https:\/\/www.streamplify.com\/","name":"Simplify | Amplify","description":"Streamplify","potentialAction":[{"@type":"SearchAction","target":{"@type":"EntryPoint","urlTemplate":"https:\/\/www.streamplify.com\/?s={search_term_string}"},"query-input":{"@type":"PropertyValueSpecification","valueRequired":true,"valueName":"search_term_string"}}],"inLanguage":"fr-FR"}]}},"_links":{"self":[{"href":"https:\/\/www.streamplify.com\/fr\/wp-json\/wp\/v2\/pages\/4300"}],"collection":[{"href":"https:\/\/www.streamplify.com\/fr\/wp-json\/wp\/v2\/pages"}],"about":[{"href":"https:\/\/www.streamplify.com\/fr\/wp-json\/wp\/v2\/types\/page"}],"author":[{"embeddable":true,"href":"https:\/\/www.streamplify.com\/fr\/wp-json\/wp\/v2\/users\/16"}],"replies":[{"embeddable":true,"href":"https:\/\/www.streamplify.com\/fr\/wp-json\/wp\/v2\/comments?post=4300"}],"version-history":[{"count":0,"href":"https:\/\/www.streamplify.com\/fr\/wp-json\/wp\/v2\/pages\/4300\/revisions"}],"wp:attachment":[{"href":"https:\/\/www.streamplify.com\/fr\/wp-json\/wp\/v2\/media?parent=4300"}],"curies":[{"name":"wp","href":"https:\/\/api.w.org\/{rel}","templated":true}]}}