{"id":4330,"date":"2022-01-07T11:27:11","date_gmt":"2022-01-07T03:27:11","guid":{"rendered":"https:\/\/www.streamplify.com\/privacy-policy\/"},"modified":"2022-11-02T15:18:15","modified_gmt":"2022-11-02T07:18:15","slug":"privacy-policy","status":"publish","type":"page","link":"https:\/\/www.streamplify.com\/es\/privacy-policy\/","title":{"rendered":"Pol\u00edtica de Privacidad"},"content":{"rendered":"<section class=\"l-section wpb_row height_medium\"><div class=\"l-section-h i-cf\"><div class=\"g-cols vc_row via_grid cols_1 laptops-cols_inherit tablets-cols_inherit mobiles-cols_1 valign_top type_default stacking_default\"><div class=\"wpb_column vc_column_container\"><div class=\"vc_column-inner\"><div class=\"wpb_text_column\"><div class=\"wpb_wrapper\"><h2>NUESTRO ORGANISMO DE PROTECCI\u00d3N DE DATOS<\/h2>\n<p>Si tienes alguna pregunta sobre nuestra pol\u00edtica de privacidad, o sobre la protecci\u00f3n de datos, por favor contacta con nuestro organismo de protecci\u00f3n de datos por correo electr\u00f3nico en <span style=\"color: #2c0332;\"><a style=\"color: #2c0332;\" href=\"mailto:rmas@caseking.pt\" target=\"_blank\" rel=\"noopener\">rmas@caseking.pt<\/a><\/span> y en Caseking Iberia &#8211; Parque Industrial Meramar II, 2635-047, Rio de Mouro, Portugal.<\/p>\n<p>&nbsp;<\/p>\n<h2>POL\u00cdTICA DE PRIVACIDAD Y PROTECCI\u00d3N DE DATOS<\/h2>\n<p>Utilizamos cualquier informaci\u00f3n que hayamos recogido sobre ti para procesar los pedidos y hacer que tu experiencia de compra sea m\u00e1s c\u00f3moda. Los datos personales no se ceder\u00e1n a terceros sin el consentimiento expreso del interesado.<\/p>\n<p>&nbsp;<\/p>\n<h2>DECLARACI\u00d3N DE PRIVACIDAD<\/h2>\n<p>Puedes visitar nuestro site sin proporcionar ninguna informaci\u00f3n personal. Los datos personales s\u00f3lo se recogen si el usuario nos los proporciona voluntariamente durante su visita a nuestro site. Este site utiliza Google Analytics, un servicio de an\u00e1lisis web proporcionado por Google Inc. (\u00abGoogle\u00bb). Google Analytics utiliza \u00abcookies\u00bb, que son archivos de texto ubicados en tu ordenador, para ayudar al site a analizar el uso que hacen los usuarios del mismo. La informaci\u00f3n generada por los cookies sobre el uso que haces del site, incluida tu direcci\u00f3n IP, ser\u00e1 transmitida y almacenada por Google en servidores en Estados Unidos. Google utilizar\u00e1 esta informaci\u00f3n con el fin de evaluar el uso que haces del site, recopilando informes sobre la actividad del site para los operadores del mismo y prestando otros servicios relacionados con la actividad del site y el uso de Internet. Google tambi\u00e9n podr\u00e1 transferir esta informaci\u00f3n a terceros cuando as\u00ed lo exija la ley o cuando dichos terceros procesen la informaci\u00f3n en nombre de Google. Google no asociar\u00e1 tu direcci\u00f3n IP con ning\u00fan otro dato del que disponga Google. Puedes rechazar el uso de cookies seleccionando la configuraci\u00f3n adecuada en tu navegador, pero ten en cuenta que si lo haces es posible que no puedas utilizar toda la funcionalidad de este site.<\/p>\n<p>Al utilizar este site, el usuario consiente el tratamiento de sus datos por parte de Google en la forma y para los fines arriba indicados. Puede oponerse a la futura recopilaci\u00f3n y almacenamiento de sus datos en cualquier momento. Teniendo en cuenta el debate sobre el uso de herramientas de an\u00e1lisis con direcciones IP completas, nos gustar\u00eda se\u00f1alar que las direcciones IP solo se procesan de forma abreviada en este sitio web para excluir las referencias personales directas, ya que utilizamos Google Analytics con la extensi\u00f3n \u00ab_anonymizeIp()\u00bb.<\/p>\n<p>&nbsp;<\/p>\n<h2>OBTENCI\u00d3N DE INFORMACI\u00d3N Y USUARIO<\/h2>\n<p>Cuando realices un pedido, deber\u00e1s indicar tu nombre completo, correo electr\u00f3nico, direcci\u00f3n de facturaci\u00f3n o env\u00edo y n\u00famero de tel\u00e9fono. Esto nos permite procesar y ejecutar su pedido y mantenerte informado del estado del mismo. Esto no incluye informaci\u00f3n sobre la p\u00e1gina de nuestro site a la que se ha accedido desde una direcci\u00f3n IP espec\u00edfica o el navegador que se utiliza al acceder a nuestro site.<\/p>\n<p>Los datos recogidos durante tu compra s\u00f3lo se utilizar\u00e1n para mejorar nuestro servicio y adaptarlo a los deseos de nuestros clientes. No se transmitir\u00e1n a terceros.<\/p>\n<p>Una vez que te has registrado o iniciado sesi\u00f3n como cliente, la sesi\u00f3n se guarda en forma de cookie. Las cookies son archivos con una peque\u00f1a cantidad de datos que se env\u00edan a tu navegador desde nuestro site y se almacenan en tu dispositivo. Puedes indicar a tu navegador que rechace todas las cookies o que indique cu\u00e1ndo se env\u00eda una cookie. Sin embargo, si no aceptas las cookies, no podr\u00e1s utilizar nuestros servicios de compra.<\/p>\n<p>&nbsp;<\/p>\n<\/div><\/div><\/div><\/div><\/div><\/div><\/section>\n","protected":false},"excerpt":{"rendered":"NUESTRO ORGANISMO DE PROTECCI\u00d3N DE DATOS Si tienes alguna pregunta sobre nuestra pol\u00edtica de privacidad, o sobre la protecci\u00f3n de datos, por favor contacta con nuestro organismo de protecci\u00f3n de datos por correo electr\u00f3nico en rmas@caseking.pt y en Caseking Iberia &#8211; Parque Industrial Meramar II, 2635-047, Rio de Mouro, Portugal. &nbsp; POL\u00cdTICA DE PRIVACIDAD Y...","protected":false},"author":1,"featured_media":0,"parent":0,"menu_order":0,"comment_status":"closed","ping_status":"open","template":"","meta":{"footnotes":""},"class_list":["post-4330","page","type-page","status-publish","hentry"],"yoast_head":"<!-- This site is optimized with the Yoast SEO plugin v23.4 - https:\/\/yoast.com\/wordpress\/plugins\/seo\/ -->\n<title>Pol\u00edtica de Privacidad - Simplify | Amplify<\/title>\n<meta name=\"description\" content=\"Utilizamos cualquier informaci\u00f3n que hayamos recogido sobre ti para procesar los pedidos y hacer que tu experiencia de compra sea m\u00e1s c\u00f3moda. Los datos personales no se ceder\u00e1n a terceros sin el consentimiento expreso del interesado\" \/>\n<meta name=\"robots\" content=\"index, follow, max-snippet:-1, max-image-preview:large, max-video-preview:-1\" \/>\n<link rel=\"canonical\" href=\"https:\/\/www.streamplify.com\/es\/privacy-policy\/\" \/>\n<meta property=\"og:locale\" content=\"es_ES\" \/>\n<meta property=\"og:type\" content=\"article\" \/>\n<meta property=\"og:title\" content=\"Pol\u00edtica de Privacidad - Simplify | Amplify\" \/>\n<meta property=\"og:description\" content=\"Utilizamos cualquier informaci\u00f3n que hayamos recogido sobre ti para procesar los pedidos y hacer que tu experiencia de compra sea m\u00e1s c\u00f3moda. Los datos personales no se ceder\u00e1n a terceros sin el consentimiento expreso del interesado\" \/>\n<meta property=\"og:url\" content=\"https:\/\/www.streamplify.com\/es\/privacy-policy\/\" \/>\n<meta property=\"og:site_name\" content=\"Simplify | Amplify\" \/>\n<meta property=\"article:modified_time\" content=\"2022-11-02T07:18:15+00:00\" \/>\n<meta name=\"twitter:card\" content=\"summary_large_image\" \/>\n<meta name=\"twitter:label1\" content=\"Tiempo de lectura\" \/>\n\t<meta name=\"twitter:data1\" content=\"3 minutos\" \/>\n<script type=\"application\/ld+json\" class=\"yoast-schema-graph\">{\"@context\":\"https:\/\/schema.org\",\"@graph\":[{\"@type\":\"WebPage\",\"@id\":\"https:\/\/www.streamplify.com\/es\/privacy-policy\/\",\"url\":\"https:\/\/www.streamplify.com\/es\/privacy-policy\/\",\"name\":\"Pol\u00edtica de Privacidad - Simplify | Amplify\",\"isPartOf\":{\"@id\":\"https:\/\/www.streamplify.com\/#website\"},\"datePublished\":\"2022-01-07T03:27:11+00:00\",\"dateModified\":\"2022-11-02T07:18:15+00:00\",\"description\":\"Utilizamos cualquier informaci\u00f3n que hayamos recogido sobre ti para procesar los pedidos y hacer que tu experiencia de compra sea m\u00e1s c\u00f3moda. Los datos personales no se ceder\u00e1n a terceros sin el consentimiento expreso del interesado\",\"breadcrumb\":{\"@id\":\"https:\/\/www.streamplify.com\/es\/privacy-policy\/#breadcrumb\"},\"inLanguage\":\"es\",\"potentialAction\":[{\"@type\":\"ReadAction\",\"target\":[\"https:\/\/www.streamplify.com\/es\/privacy-policy\/\"]}]},{\"@type\":\"BreadcrumbList\",\"@id\":\"https:\/\/www.streamplify.com\/es\/privacy-policy\/#breadcrumb\",\"itemListElement\":[{\"@type\":\"ListItem\",\"position\":1,\"name\":\"Home\",\"item\":\"https:\/\/www.streamplify.com\/es\/\"},{\"@type\":\"ListItem\",\"position\":2,\"name\":\"Pol\u00edtica de Privacidad\"}]},{\"@type\":\"WebSite\",\"@id\":\"https:\/\/www.streamplify.com\/#website\",\"url\":\"https:\/\/www.streamplify.com\/\",\"name\":\"Simplify | Amplify\",\"description\":\"Streamplify\",\"potentialAction\":[{\"@type\":\"SearchAction\",\"target\":{\"@type\":\"EntryPoint\",\"urlTemplate\":\"https:\/\/www.streamplify.com\/?s={search_term_string}\"},\"query-input\":{\"@type\":\"PropertyValueSpecification\",\"valueRequired\":true,\"valueName\":\"search_term_string\"}}],\"inLanguage\":\"es\"}]}<\/script>\n<!-- \/ Yoast SEO plugin. -->","yoast_head_json":{"title":"Pol\u00edtica de Privacidad - Simplify | Amplify","description":"Utilizamos cualquier informaci\u00f3n que hayamos recogido sobre ti para procesar los pedidos y hacer que tu experiencia de compra sea m\u00e1s c\u00f3moda. Los datos personales no se ceder\u00e1n a terceros sin el consentimiento expreso del interesado","robots":{"index":"index","follow":"follow","max-snippet":"max-snippet:-1","max-image-preview":"max-image-preview:large","max-video-preview":"max-video-preview:-1"},"canonical":"https:\/\/www.streamplify.com\/es\/privacy-policy\/","og_locale":"es_ES","og_type":"article","og_title":"Pol\u00edtica de Privacidad - Simplify | Amplify","og_description":"Utilizamos cualquier informaci\u00f3n que hayamos recogido sobre ti para procesar los pedidos y hacer que tu experiencia de compra sea m\u00e1s c\u00f3moda. Los datos personales no se ceder\u00e1n a terceros sin el consentimiento expreso del interesado","og_url":"https:\/\/www.streamplify.com\/es\/privacy-policy\/","og_site_name":"Simplify | Amplify","article_modified_time":"2022-11-02T07:18:15+00:00","twitter_card":"summary_large_image","twitter_misc":{"Tiempo de lectura":"3 minutos"},"schema":{"@context":"https:\/\/schema.org","@graph":[{"@type":"WebPage","@id":"https:\/\/www.streamplify.com\/es\/privacy-policy\/","url":"https:\/\/www.streamplify.com\/es\/privacy-policy\/","name":"Pol\u00edtica de Privacidad - Simplify | Amplify","isPartOf":{"@id":"https:\/\/www.streamplify.com\/#website"},"datePublished":"2022-01-07T03:27:11+00:00","dateModified":"2022-11-02T07:18:15+00:00","description":"Utilizamos cualquier informaci\u00f3n que hayamos recogido sobre ti para procesar los pedidos y hacer que tu experiencia de compra sea m\u00e1s c\u00f3moda. Los datos personales no se ceder\u00e1n a terceros sin el consentimiento expreso del interesado","breadcrumb":{"@id":"https:\/\/www.streamplify.com\/es\/privacy-policy\/#breadcrumb"},"inLanguage":"es","potentialAction":[{"@type":"ReadAction","target":["https:\/\/www.streamplify.com\/es\/privacy-policy\/"]}]},{"@type":"BreadcrumbList","@id":"https:\/\/www.streamplify.com\/es\/privacy-policy\/#breadcrumb","itemListElement":[{"@type":"ListItem","position":1,"name":"Home","item":"https:\/\/www.streamplify.com\/es\/"},{"@type":"ListItem","position":2,"name":"Pol\u00edtica de Privacidad"}]},{"@type":"WebSite","@id":"https:\/\/www.streamplify.com\/#website","url":"https:\/\/www.streamplify.com\/","name":"Simplify | Amplify","description":"Streamplify","potentialAction":[{"@type":"SearchAction","target":{"@type":"EntryPoint","urlTemplate":"https:\/\/www.streamplify.com\/?s={search_term_string}"},"query-input":{"@type":"PropertyValueSpecification","valueRequired":true,"valueName":"search_term_string"}}],"inLanguage":"es"}]}},"_links":{"self":[{"href":"https:\/\/www.streamplify.com\/es\/wp-json\/wp\/v2\/pages\/4330"}],"collection":[{"href":"https:\/\/www.streamplify.com\/es\/wp-json\/wp\/v2\/pages"}],"about":[{"href":"https:\/\/www.streamplify.com\/es\/wp-json\/wp\/v2\/types\/page"}],"author":[{"embeddable":true,"href":"https:\/\/www.streamplify.com\/es\/wp-json\/wp\/v2\/users\/1"}],"replies":[{"embeddable":true,"href":"https:\/\/www.streamplify.com\/es\/wp-json\/wp\/v2\/comments?post=4330"}],"version-history":[{"count":0,"href":"https:\/\/www.streamplify.com\/es\/wp-json\/wp\/v2\/pages\/4330\/revisions"}],"wp:attachment":[{"href":"https:\/\/www.streamplify.com\/es\/wp-json\/wp\/v2\/media?parent=4330"}],"curies":[{"name":"wp","href":"https:\/\/api.w.org\/{rel}","templated":true}]}}