{"id":5347,"date":"2022-02-10T09:55:32","date_gmt":"2022-02-10T01:55:32","guid":{"rendered":"https:\/\/www.streamplify.com\/privacy-policy\/"},"modified":"2022-11-02T14:49:43","modified_gmt":"2022-11-02T06:49:43","slug":"privacy-policy","status":"publish","type":"page","link":"https:\/\/www.streamplify.com\/da\/privacy-policy\/","title":{"rendered":"Fortrolighedspolitik"},"content":{"rendered":"<section class=\"l-section wpb_row height_medium\"><div class=\"l-section-h i-cf\"><div class=\"g-cols vc_row via_grid cols_1 laptops-cols_inherit tablets-cols_inherit mobiles-cols_1 valign_top type_default stacking_default\"><div class=\"wpb_column vc_column_container\"><div class=\"vc_column-inner\"><div class=\"wpb_text_column\"><div class=\"wpb_wrapper\"><h2>VORES LEDER AF DATABESKYTTELSE<\/h2>\n<p>Hvis du har sp\u00f8rgsm\u00e5l om vores privatlivspolitik eller databeskyttelse, bedes du kontakte vores leder af databeskyttelse via e-mail via <span style=\"color: #2c0332;\"><a style=\"color: #2c0332;\" href=\"mailto:datenschutz@caseking.de\" target=\"_blank\" rel=\"noopener\">datenschutz@caseking.de<\/a><\/span> og hos Caseking GmbH, Gau\u00dfstr. 1, 10589, Berlin, Tyskland.<\/p>\n<p>&nbsp;<\/p>\n<h2 class=\"mb-3 mt-5\">FORTROLIGHEDSPOLITIK OG DATABESKYTTELSE<\/h2>\n<p>Vi bruger alle oplysninger, vi indsamler om dig, til at behandle ordrer og g\u00f8re din k\u00f8bsoplevelse nemmere. Alle data, der indsamles p\u00e5 denne hjemmeside, behandles i overensstemmelse med bestemmelserne i den tyske forbundsdatabeskyttelseslov (BDSG) og den tyske lov om informations- og telekommunikationstjenester (IuTDG). Personoplysninger videregives ikke til tredjepart uden den p\u00e5g\u00e6ldende parts udtrykkelige samtykke.<\/p>\n<p>&nbsp;<\/p>\n<h2 class=\"mb-3 mt-5\">FORTROLIGHEDSERKL\u00c6RING<\/h2>\n<p>Du kan g\u00e5 p\u00e5 vores side uden at give nogen personlige oplysninger. Dine personlige oplysninger indsamles kun, hvis du frivilligt giver os dem, n\u00e5r du g\u00e5r p\u00e5 vores hjemmeside. Denne hjemmeside bruger Google Analytics, som er en webanalysetjeneste fra Google Inc. (&#8220;Google&#8221;). Google Analytics bruger &#8220;cookies&#8221;, der er tekstfiler, der gemmes p\u00e5 din computer, s\u00e5 hjemmesiden kan analysere, hvordan brugerne bruger siden. Oplysningerne fra cookien om din brug af hjemmesiden, herunder din IP-adresse, sendes til og gemmes af Google p\u00e5 servere i USA. Google bruger disse oplysninger til at evaluere din brug af hjemmesiden, udarbejde rapporter om aktivitet p\u00e5 siden til sidens administratorer og til at kunne tilbyde andre tjenester, der er relateret til aktiviteter p\u00e5 siden og brug af internettet. Google vil muligvis ogs\u00e5 overf\u00f8re disse oplysninger til tredjeparter, hvor det er p\u00e5kr\u00e6vet ved lov, eller hvor s\u00e5danne tredjeparter behandler oplysningerne p\u00e5 Googles vegne. Google vil ikke forbinde din IP-adresse med andre data, som Google gemmer. Du kan afvise brugen af cookies ved at v\u00e6lge de relevante indstillinger i din browser, men hvis du g\u00f8r dette, vil du muligvis ikke kunne bruge alle funktionerne p\u00e5 denne hjemmeside.<\/p>\n<p>N\u00e5r du bruger denne hjemmeside giver du dit samtykke til Googles behandling af dine data p\u00e5 m\u00e5derne og form\u00e5lene, der er angivet ovenfor. Du kan altid g\u00f8re indsigelse mod fremtidig indsamling og opbevaring af dine data. Med hensyn til diskussionen om brugen af analysev\u00e6rkt\u00f8jer med fulde IP-adresser, g\u00f8r vi opm\u00e6rksom p\u00e5, at IP-adresser kun behandles i forkortet form p\u00e5 denne hjemmeside. Dette er for at udelukke direkte personlige referencer, da vi bruger Google Analytics med udvidelsen \u201c_anonymizeIp()\u201d.<\/p>\n<p>&nbsp;<\/p>\n<h2 class=\"mb-3 mt-5\">INDSAMLING AF OPLYSNINGER OG BRUGER<\/h2>\n<p>Hvis du laver en ordre, skal du oplyse dit fulde navn, e-mailadresse, fakturerings- eller forsendelsesadresse og telefonnummer. P\u00e5 denne m\u00e5de kan vi behandle og gennemf\u00f8re din ordre og holde dig opdateret om din ordres status. Dette omfatter ikke oplysninger om, hvilken side p\u00e5 vores hjemmeside, du g\u00e5r p\u00e5 fra en bestemt IP-adresse, eller hvilken browser du bruger, n\u00e5r du g\u00e5r p\u00e5 vores hjemmeside.<\/p>\n<p>Eventuelle data, der indsamles under dit k\u00f8b, bruges kun til at forbedre vores service og tilpasse den i henhold til vores kunders \u00f8nsker. Disse data videregives ikke til tredjepart.<\/p>\n<p>Hvis du er en nyoprettet kunde eller har logget p\u00e5 som kunde, gemmes sessionen i form af en cookie. Cookies er filer med sm\u00e5 m\u00e6ngder data, der sendes til din browser fra vores hjemmeside og gemmes p\u00e5 din enhed. Du kan bede din browser om, at afvise alle cookies eller angive, hvorn\u00e5r en cookie sendes. Men hvis du ikke accepterer cookies, vil du ikke kunne bruge vores indk\u00f8bstjenester.<\/p>\n<p>&nbsp;<\/p>\n<\/div><\/div><\/div><\/div><\/div><\/div><\/section>\n","protected":false},"excerpt":{"rendered":"VORES LEDER AF DATABESKYTTELSE Hvis du har sp\u00f8rgsm\u00e5l om vores privatlivspolitik eller databeskyttelse, bedes du kontakte vores leder af databeskyttelse via e-mail via datenschutz@caseking.de og hos Caseking GmbH, Gau\u00dfstr. 1, 10589, Berlin, Tyskland. &nbsp; FORTROLIGHEDSPOLITIK OG DATABESKYTTELSE Vi bruger alle oplysninger, vi indsamler om dig, til at behandle ordrer og g\u00f8re din k\u00f8bsoplevelse nemmere. Alle...","protected":false},"author":1,"featured_media":0,"parent":0,"menu_order":0,"comment_status":"closed","ping_status":"open","template":"","meta":{"footnotes":""},"class_list":["post-5347","page","type-page","status-publish","hentry"],"yoast_head":"<!-- This site is optimized with the Yoast SEO plugin v23.4 - https:\/\/yoast.com\/wordpress\/plugins\/seo\/ -->\n<title>Fortrolighedspolitik - Simplify | Amplify<\/title>\n<meta name=\"description\" content=\"Vi bruger alle oplysninger, vi indsamler om dig, til at behandle ordrer og g\u00f8re din k\u00f8bsoplevelse nemmere. Alle data, der indsamles p\u00e5 denne hjemmeside, behandles i overensstemmelse med bestemmelserne i den tyske forbundsdatabeskyttelseslov (BDSG) og den tyske lov om informations- og telekommunikationstjenester (IuTDG). Personoplysninger videregives ikke til tredjepart uden den p\u00e5g\u00e6ldende parts udtrykkelige samtykke.\" \/>\n<meta name=\"robots\" content=\"index, follow, max-snippet:-1, max-image-preview:large, max-video-preview:-1\" \/>\n<link rel=\"canonical\" href=\"https:\/\/www.streamplify.com\/da\/privacy-policy\/\" \/>\n<meta property=\"og:locale\" content=\"da_DK\" \/>\n<meta property=\"og:type\" content=\"article\" \/>\n<meta property=\"og:title\" content=\"Fortrolighedspolitik - Simplify | Amplify\" \/>\n<meta property=\"og:description\" content=\"Vi bruger alle oplysninger, vi indsamler om dig, til at behandle ordrer og g\u00f8re din k\u00f8bsoplevelse nemmere. Alle data, der indsamles p\u00e5 denne hjemmeside, behandles i overensstemmelse med bestemmelserne i den tyske forbundsdatabeskyttelseslov (BDSG) og den tyske lov om informations- og telekommunikationstjenester (IuTDG). Personoplysninger videregives ikke til tredjepart uden den p\u00e5g\u00e6ldende parts udtrykkelige samtykke.\" \/>\n<meta property=\"og:url\" content=\"https:\/\/www.streamplify.com\/da\/privacy-policy\/\" \/>\n<meta property=\"og:site_name\" content=\"Simplify | Amplify\" \/>\n<meta property=\"article:modified_time\" content=\"2022-11-02T06:49:43+00:00\" \/>\n<meta name=\"twitter:card\" content=\"summary_large_image\" \/>\n<meta name=\"twitter:label1\" content=\"Estimeret l\u00e6setid\" \/>\n\t<meta name=\"twitter:data1\" content=\"3 minutter\" \/>\n<script type=\"application\/ld+json\" class=\"yoast-schema-graph\">{\"@context\":\"https:\/\/schema.org\",\"@graph\":[{\"@type\":\"WebPage\",\"@id\":\"https:\/\/www.streamplify.com\/da\/privacy-policy\/\",\"url\":\"https:\/\/www.streamplify.com\/da\/privacy-policy\/\",\"name\":\"Fortrolighedspolitik - Simplify | Amplify\",\"isPartOf\":{\"@id\":\"https:\/\/www.streamplify.com\/#website\"},\"datePublished\":\"2022-02-10T01:55:32+00:00\",\"dateModified\":\"2022-11-02T06:49:43+00:00\",\"description\":\"Vi bruger alle oplysninger, vi indsamler om dig, til at behandle ordrer og g\u00f8re din k\u00f8bsoplevelse nemmere. Alle data, der indsamles p\u00e5 denne hjemmeside, behandles i overensstemmelse med bestemmelserne i den tyske forbundsdatabeskyttelseslov (BDSG) og den tyske lov om informations- og telekommunikationstjenester (IuTDG). Personoplysninger videregives ikke til tredjepart uden den p\u00e5g\u00e6ldende parts udtrykkelige samtykke.\",\"breadcrumb\":{\"@id\":\"https:\/\/www.streamplify.com\/da\/privacy-policy\/#breadcrumb\"},\"inLanguage\":\"da-DK\",\"potentialAction\":[{\"@type\":\"ReadAction\",\"target\":[\"https:\/\/www.streamplify.com\/da\/privacy-policy\/\"]}]},{\"@type\":\"BreadcrumbList\",\"@id\":\"https:\/\/www.streamplify.com\/da\/privacy-policy\/#breadcrumb\",\"itemListElement\":[{\"@type\":\"ListItem\",\"position\":1,\"name\":\"Home\",\"item\":\"https:\/\/www.streamplify.com\/da\/\"},{\"@type\":\"ListItem\",\"position\":2,\"name\":\"Fortrolighedspolitik\"}]},{\"@type\":\"WebSite\",\"@id\":\"https:\/\/www.streamplify.com\/#website\",\"url\":\"https:\/\/www.streamplify.com\/\",\"name\":\"Simplify | Amplify\",\"description\":\"Streamplify\",\"potentialAction\":[{\"@type\":\"SearchAction\",\"target\":{\"@type\":\"EntryPoint\",\"urlTemplate\":\"https:\/\/www.streamplify.com\/?s={search_term_string}\"},\"query-input\":{\"@type\":\"PropertyValueSpecification\",\"valueRequired\":true,\"valueName\":\"search_term_string\"}}],\"inLanguage\":\"da-DK\"}]}<\/script>\n<!-- \/ Yoast SEO plugin. -->","yoast_head_json":{"title":"Fortrolighedspolitik - Simplify | Amplify","description":"Vi bruger alle oplysninger, vi indsamler om dig, til at behandle ordrer og g\u00f8re din k\u00f8bsoplevelse nemmere. Alle data, der indsamles p\u00e5 denne hjemmeside, behandles i overensstemmelse med bestemmelserne i den tyske forbundsdatabeskyttelseslov (BDSG) og den tyske lov om informations- og telekommunikationstjenester (IuTDG). Personoplysninger videregives ikke til tredjepart uden den p\u00e5g\u00e6ldende parts udtrykkelige samtykke.","robots":{"index":"index","follow":"follow","max-snippet":"max-snippet:-1","max-image-preview":"max-image-preview:large","max-video-preview":"max-video-preview:-1"},"canonical":"https:\/\/www.streamplify.com\/da\/privacy-policy\/","og_locale":"da_DK","og_type":"article","og_title":"Fortrolighedspolitik - Simplify | Amplify","og_description":"Vi bruger alle oplysninger, vi indsamler om dig, til at behandle ordrer og g\u00f8re din k\u00f8bsoplevelse nemmere. Alle data, der indsamles p\u00e5 denne hjemmeside, behandles i overensstemmelse med bestemmelserne i den tyske forbundsdatabeskyttelseslov (BDSG) og den tyske lov om informations- og telekommunikationstjenester (IuTDG). Personoplysninger videregives ikke til tredjepart uden den p\u00e5g\u00e6ldende parts udtrykkelige samtykke.","og_url":"https:\/\/www.streamplify.com\/da\/privacy-policy\/","og_site_name":"Simplify | Amplify","article_modified_time":"2022-11-02T06:49:43+00:00","twitter_card":"summary_large_image","twitter_misc":{"Estimeret l\u00e6setid":"3 minutter"},"schema":{"@context":"https:\/\/schema.org","@graph":[{"@type":"WebPage","@id":"https:\/\/www.streamplify.com\/da\/privacy-policy\/","url":"https:\/\/www.streamplify.com\/da\/privacy-policy\/","name":"Fortrolighedspolitik - Simplify | Amplify","isPartOf":{"@id":"https:\/\/www.streamplify.com\/#website"},"datePublished":"2022-02-10T01:55:32+00:00","dateModified":"2022-11-02T06:49:43+00:00","description":"Vi bruger alle oplysninger, vi indsamler om dig, til at behandle ordrer og g\u00f8re din k\u00f8bsoplevelse nemmere. Alle data, der indsamles p\u00e5 denne hjemmeside, behandles i overensstemmelse med bestemmelserne i den tyske forbundsdatabeskyttelseslov (BDSG) og den tyske lov om informations- og telekommunikationstjenester (IuTDG). Personoplysninger videregives ikke til tredjepart uden den p\u00e5g\u00e6ldende parts udtrykkelige samtykke.","breadcrumb":{"@id":"https:\/\/www.streamplify.com\/da\/privacy-policy\/#breadcrumb"},"inLanguage":"da-DK","potentialAction":[{"@type":"ReadAction","target":["https:\/\/www.streamplify.com\/da\/privacy-policy\/"]}]},{"@type":"BreadcrumbList","@id":"https:\/\/www.streamplify.com\/da\/privacy-policy\/#breadcrumb","itemListElement":[{"@type":"ListItem","position":1,"name":"Home","item":"https:\/\/www.streamplify.com\/da\/"},{"@type":"ListItem","position":2,"name":"Fortrolighedspolitik"}]},{"@type":"WebSite","@id":"https:\/\/www.streamplify.com\/#website","url":"https:\/\/www.streamplify.com\/","name":"Simplify | Amplify","description":"Streamplify","potentialAction":[{"@type":"SearchAction","target":{"@type":"EntryPoint","urlTemplate":"https:\/\/www.streamplify.com\/?s={search_term_string}"},"query-input":{"@type":"PropertyValueSpecification","valueRequired":true,"valueName":"search_term_string"}}],"inLanguage":"da-DK"}]}},"_links":{"self":[{"href":"https:\/\/www.streamplify.com\/da\/wp-json\/wp\/v2\/pages\/5347"}],"collection":[{"href":"https:\/\/www.streamplify.com\/da\/wp-json\/wp\/v2\/pages"}],"about":[{"href":"https:\/\/www.streamplify.com\/da\/wp-json\/wp\/v2\/types\/page"}],"author":[{"embeddable":true,"href":"https:\/\/www.streamplify.com\/da\/wp-json\/wp\/v2\/users\/1"}],"replies":[{"embeddable":true,"href":"https:\/\/www.streamplify.com\/da\/wp-json\/wp\/v2\/comments?post=5347"}],"version-history":[{"count":0,"href":"https:\/\/www.streamplify.com\/da\/wp-json\/wp\/v2\/pages\/5347\/revisions"}],"wp:attachment":[{"href":"https:\/\/www.streamplify.com\/da\/wp-json\/wp\/v2\/media?parent=5347"}],"curies":[{"name":"wp","href":"https:\/\/api.w.org\/{rel}","templated":true}]}}